{"id":907,"date":"2022-06-01T11:04:13","date_gmt":"2022-06-01T09:04:13","guid":{"rendered":"https:\/\/signetpub.fr\/?page_id=907"},"modified":"2024-01-11T12:35:39","modified_gmt":"2024-01-11T11:35:39","slug":"lettre-relief-haut-de-gamme","status":"publish","type":"page","link":"https:\/\/signetpub.fr\/index.php\/lettre-relief-haut-de-gamme\/","title":{"rendered":"Lettre relief haut de gamme"},"content":{"rendered":"\n<p class=\"has-text-align-center\">Nos produits hauts de gamme sont un incontournables pour tous ceux qui recherchent de la qualit\u00e9.<\/p>\n\n\n\n<div style=\"height:26px\" aria-hidden=\"true\" class=\"wp-block-spacer\"><\/div>\n\n\n<div class=\"wp-block-image\">\n<figure class=\"alignleft size-full is-resized\"><img loading=\"lazy\" decoding=\"async\" width=\"665\" height=\"515\" src=\"https:\/\/signetpub.fr\/wp-content\/uploads\/2024\/01\/Capture-decran-2024-01-11-a-12.34.50-1.png\" alt=\"\" class=\"wp-image-1103\" style=\"width:256px;height:190px\" srcset=\"https:\/\/signetpub.fr\/wp-content\/uploads\/2024\/01\/Capture-decran-2024-01-11-a-12.34.50-1.png 665w, https:\/\/signetpub.fr\/wp-content\/uploads\/2024\/01\/Capture-decran-2024-01-11-a-12.34.50-1-300x232.png 300w, https:\/\/signetpub.fr\/wp-content\/uploads\/2024\/01\/Capture-decran-2024-01-11-a-12.34.50-1-24x19.png 24w, https:\/\/signetpub.fr\/wp-content\/uploads\/2024\/01\/Capture-decran-2024-01-11-a-12.34.50-1-36x28.png 36w, https:\/\/signetpub.fr\/wp-content\/uploads\/2024\/01\/Capture-decran-2024-01-11-a-12.34.50-1-48x37.png 48w\" sizes=\"auto, (max-width: 665px) 100vw, 665px\" \/><\/figure>\n<\/div>\n\n\n<p class=\"has-text-align-center\"><strong>HAUT DE GAMME <\/strong><\/p>\n\n\n\n<p class=\"has-text-align-center\">Le&nbsp;PMMA&nbsp;poss\u00e8de de nombreux&nbsp;avantages. Il est r\u00e9sistant et permet une excellente transmission \u00e0 la lumi\u00e8re. <\/p>\n\n\n\n<div style=\"height:26px\" aria-hidden=\"true\" class=\"wp-block-spacer\"><\/div>\n\n\n\n<p class=\"has-text-align-center\"><strong>_______________________________________________<\/strong><\/p>\n\n\n\n<div style=\"height:26px\" aria-hidden=\"true\" class=\"wp-block-spacer\"><\/div>\n\n\n<div class=\"wp-block-image\">\n<figure class=\"alignright size-full is-resized\"><img loading=\"lazy\" decoding=\"async\" width=\"569\" height=\"581\" src=\"http:\/\/signetpub.fr\/wp-content\/uploads\/2022\/05\/^^.png\" alt=\"\" class=\"wp-image-537\" style=\"width:206px;height:210px\" srcset=\"https:\/\/signetpub.fr\/wp-content\/uploads\/2022\/05\/^^.png 569w, https:\/\/signetpub.fr\/wp-content\/uploads\/2022\/05\/^^-294x300.png 294w, https:\/\/signetpub.fr\/wp-content\/uploads\/2022\/05\/^^-24x24.png 24w, https:\/\/signetpub.fr\/wp-content\/uploads\/2022\/05\/^^-36x36.png 36w, https:\/\/signetpub.fr\/wp-content\/uploads\/2022\/05\/^^-48x48.png 48w\" sizes=\"auto, (max-width: 569px) 100vw, 569px\" \/><\/figure>\n<\/div>\n\n\n<p class=\"has-text-align-center\"><strong>QUALIT\u00c9<\/strong><\/p>\n\n\n\n<p class=\"has-text-align-center\"><br>Elles viennent apporter une touche luxueuse \u00e0 votre communication visuelle.<\/p>\n\n\n\n<p><\/p>\n\n\n\n<div style=\"height:26px\" aria-hidden=\"true\" class=\"wp-block-spacer\"><\/div>\n\n\n\n<p class=\"has-text-align-center\"><strong><strong>_______________________________________________<\/strong><\/strong><\/p>\n\n\n\n<div style=\"height:26px\" aria-hidden=\"true\" class=\"wp-block-spacer\"><\/div>\n\n\n<div class=\"wp-block-image\">\n<figure class=\"alignleft size-full is-resized\"><img loading=\"lazy\" decoding=\"async\" width=\"1024\" height=\"1011\" src=\"https:\/\/signetpub.fr\/wp-content\/uploads\/2022\/06\/f5bca4ba-a101-4ff2-a58f-11dc0b2f03aa.jpg\" alt=\"\" class=\"wp-image-1034\" style=\"width:212px;height:210px\" srcset=\"https:\/\/signetpub.fr\/wp-content\/uploads\/2022\/06\/f5bca4ba-a101-4ff2-a58f-11dc0b2f03aa.jpg 1024w, https:\/\/signetpub.fr\/wp-content\/uploads\/2022\/06\/f5bca4ba-a101-4ff2-a58f-11dc0b2f03aa-300x296.jpg 300w, https:\/\/signetpub.fr\/wp-content\/uploads\/2022\/06\/f5bca4ba-a101-4ff2-a58f-11dc0b2f03aa-768x758.jpg 768w, https:\/\/signetpub.fr\/wp-content\/uploads\/2022\/06\/f5bca4ba-a101-4ff2-a58f-11dc0b2f03aa-24x24.jpg 24w, https:\/\/signetpub.fr\/wp-content\/uploads\/2022\/06\/f5bca4ba-a101-4ff2-a58f-11dc0b2f03aa-36x36.jpg 36w, https:\/\/signetpub.fr\/wp-content\/uploads\/2022\/06\/f5bca4ba-a101-4ff2-a58f-11dc0b2f03aa-48x48.jpg 48w\" sizes=\"auto, (max-width: 1024px) 100vw, 1024px\" \/><\/figure>\n<\/div>\n\n\n<p class=\"has-text-align-center\"><strong>LIVRAISON ET INSTALLATION DE VOTRE <strong>SIGNAL\u00c9TIQUE<\/strong><\/strong><\/p>\n\n\n\n<p class=\"has-text-align-center\"><br>Vos lettres relief non lumineuses sont livr\u00e9es et installer par notre \u00e9quipe de professionnels. <\/p>\n\n\n\n<div style=\"height:26px\" aria-hidden=\"true\" class=\"wp-block-spacer\"><\/div>\n\n\n\n<div style=\"height:26px\" aria-hidden=\"true\" class=\"wp-block-spacer\"><\/div>\n\n\n\n<p class=\"has-text-align-center\"><em>Toutes les enseignes sont contr\u00f4l\u00e9es tout au long de la fabrication. N&rsquo;h\u00e9sitez pas \u00e0 nous <a href=\"https:\/\/signetpub.fr\/index.php\/contact\/\"><strong>contacter<\/strong><\/a> pour toutes questions ou vous pouvez directement r\u00e9aliser un <a href=\"https:\/\/signetpub.fr\/index.php\/devis\/\"><strong>devis<\/strong><\/a>.<\/em><\/p>\n\n\n\n<div style=\"height:26px\" aria-hidden=\"true\" class=\"wp-block-spacer\"><\/div>\n","protected":false},"excerpt":{"rendered":"<p>Nos produits hauts de gamme sont un incontournables pour tous ceux qui recherchent de la qualit\u00e9. HAUT DE GAMME Le&nbsp;PMMA&nbsp;poss\u00e8de de nombreux&nbsp;avantages. Il est r\u00e9sistant et permet une excellente transmission \u00e0 la lumi\u00e8re. _______________________________________________ QUALIT\u00c9 Elles viennent apporter une touche luxueuse \u00e0 votre communication visuelle. _______________________________________________ LIVRAISON ET INSTALLATION DE [&hellip;]<\/p>\n","protected":false},"author":1,"featured_media":0,"parent":0,"menu_order":0,"comment_status":"closed","ping_status":"closed","template":"","meta":{"footnotes":""},"class_list":["post-907","page","type-page","status-publish","hentry"],"yoast_head":"<!-- This site is optimized with the Yoast SEO plugin v27.4 - https:\/\/yoast.com\/product\/yoast-seo-wordpress\/ -->\n<title>Lettre relief haut de gamme - Sp\u00e9cialiste de l&#039;enseigne SIGN &amp; PUB<\/title>\n<meta name=\"description\" content=\"Nous proposons des enseigne sur-mesure et de tr\u00e8s bonne qualit\u00e9 avec des prix abordables. Une \u00e9quipe \u00e0 votre \u00e9coute.\" \/>\n<meta name=\"robots\" content=\"index, follow, max-snippet:-1, max-image-preview:large, max-video-preview:-1\" \/>\n<link rel=\"canonical\" href=\"https:\/\/signetpub.fr\/index.php\/lettre-relief-haut-de-gamme\/\" \/>\n<meta property=\"og:locale\" content=\"fr_FR\" \/>\n<meta property=\"og:type\" content=\"article\" \/>\n<meta property=\"og:title\" content=\"Lettre relief haut de gamme - Sp\u00e9cialiste de l&#039;enseigne SIGN &amp; PUB\" \/>\n<meta property=\"og:description\" content=\"Nous proposons des enseigne sur-mesure et de tr\u00e8s bonne qualit\u00e9 avec des prix abordables. Une \u00e9quipe \u00e0 votre \u00e9coute.\" \/>\n<meta property=\"og:url\" content=\"https:\/\/signetpub.fr\/index.php\/lettre-relief-haut-de-gamme\/\" \/>\n<meta property=\"og:site_name\" content=\"SIGN &amp; PUB\" \/>\n<meta property=\"article:modified_time\" content=\"2024-01-11T11:35:39+00:00\" \/>\n<meta property=\"og:image\" content=\"https:\/\/signetpub.fr\/wp-content\/uploads\/2024\/01\/Capture-decran-2024-01-11-a-12.34.50-1.png\" \/>\n<meta name=\"twitter:card\" content=\"summary_large_image\" \/>\n<meta name=\"twitter:label1\" content=\"Dur\u00e9e de lecture estim\u00e9e\" \/>\n\t<meta name=\"twitter:data1\" content=\"1 minute\" \/>\n<script type=\"application\/ld+json\" class=\"yoast-schema-graph\">{\"@context\":\"https:\\\/\\\/schema.org\",\"@graph\":[{\"@type\":\"WebPage\",\"@id\":\"https:\\\/\\\/signetpub.fr\\\/index.php\\\/lettre-relief-haut-de-gamme\\\/\",\"url\":\"https:\\\/\\\/signetpub.fr\\\/index.php\\\/lettre-relief-haut-de-gamme\\\/\",\"name\":\"Lettre relief haut de gamme - Sp\u00e9cialiste de l'enseigne SIGN &amp; PUB\",\"isPartOf\":{\"@id\":\"https:\\\/\\\/signetpub.fr\\\/#website\"},\"primaryImageOfPage\":{\"@id\":\"https:\\\/\\\/signetpub.fr\\\/index.php\\\/lettre-relief-haut-de-gamme\\\/#primaryimage\"},\"image\":{\"@id\":\"https:\\\/\\\/signetpub.fr\\\/index.php\\\/lettre-relief-haut-de-gamme\\\/#primaryimage\"},\"thumbnailUrl\":\"https:\\\/\\\/signetpub.fr\\\/wp-content\\\/uploads\\\/2024\\\/01\\\/Capture-decran-2024-01-11-a-12.34.50-1.png\",\"datePublished\":\"2022-06-01T09:04:13+00:00\",\"dateModified\":\"2024-01-11T11:35:39+00:00\",\"description\":\"Nous proposons des enseigne sur-mesure et de tr\u00e8s bonne qualit\u00e9 avec des prix abordables. Une \u00e9quipe \u00e0 votre \u00e9coute.\",\"breadcrumb\":{\"@id\":\"https:\\\/\\\/signetpub.fr\\\/index.php\\\/lettre-relief-haut-de-gamme\\\/#breadcrumb\"},\"inLanguage\":\"fr-FR\",\"potentialAction\":[{\"@type\":\"ReadAction\",\"target\":[\"https:\\\/\\\/signetpub.fr\\\/index.php\\\/lettre-relief-haut-de-gamme\\\/\"]}]},{\"@type\":\"ImageObject\",\"inLanguage\":\"fr-FR\",\"@id\":\"https:\\\/\\\/signetpub.fr\\\/index.php\\\/lettre-relief-haut-de-gamme\\\/#primaryimage\",\"url\":\"https:\\\/\\\/signetpub.fr\\\/wp-content\\\/uploads\\\/2024\\\/01\\\/Capture-decran-2024-01-11-a-12.34.50-1.png\",\"contentUrl\":\"https:\\\/\\\/signetpub.fr\\\/wp-content\\\/uploads\\\/2024\\\/01\\\/Capture-decran-2024-01-11-a-12.34.50-1.png\",\"width\":665,\"height\":515},{\"@type\":\"BreadcrumbList\",\"@id\":\"https:\\\/\\\/signetpub.fr\\\/index.php\\\/lettre-relief-haut-de-gamme\\\/#breadcrumb\",\"itemListElement\":[{\"@type\":\"ListItem\",\"position\":1,\"name\":\"Accueil\",\"item\":\"https:\\\/\\\/signetpub.fr\\\/\"},{\"@type\":\"ListItem\",\"position\":2,\"name\":\"Lettre relief haut de gamme\"}]},{\"@type\":\"WebSite\",\"@id\":\"https:\\\/\\\/signetpub.fr\\\/#website\",\"url\":\"https:\\\/\\\/signetpub.fr\\\/\",\"name\":\"SIGN &amp; PUB\",\"description\":\"Fabricant et installateur d&#039;enseigne\",\"publisher\":{\"@id\":\"https:\\\/\\\/signetpub.fr\\\/#organization\"},\"potentialAction\":[{\"@type\":\"SearchAction\",\"target\":{\"@type\":\"EntryPoint\",\"urlTemplate\":\"https:\\\/\\\/signetpub.fr\\\/?s={search_term_string}\"},\"query-input\":{\"@type\":\"PropertyValueSpecification\",\"valueRequired\":true,\"valueName\":\"search_term_string\"}}],\"inLanguage\":\"fr-FR\"},{\"@type\":\"Organization\",\"@id\":\"https:\\\/\\\/signetpub.fr\\\/#organization\",\"name\":\"SIGN & PUB\",\"url\":\"https:\\\/\\\/signetpub.fr\\\/\",\"logo\":{\"@type\":\"ImageObject\",\"inLanguage\":\"fr-FR\",\"@id\":\"https:\\\/\\\/signetpub.fr\\\/#\\\/schema\\\/logo\\\/image\\\/\",\"url\":\"http:\\\/\\\/signetpub.fr\\\/wp-content\\\/uploads\\\/2022\\\/05\\\/cropped-signetpub-1.jpg\",\"contentUrl\":\"http:\\\/\\\/signetpub.fr\\\/wp-content\\\/uploads\\\/2022\\\/05\\\/cropped-signetpub-1.jpg\",\"width\":828,\"height\":820,\"caption\":\"SIGN & PUB\"},\"image\":{\"@id\":\"https:\\\/\\\/signetpub.fr\\\/#\\\/schema\\\/logo\\\/image\\\/\"},\"sameAs\":[\"https:\\\/\\\/www.instagram.com\\\/accounts\\\/login\\\/?next=signetpub\",\"https:\\\/\\\/www.linkedin.com\\\/in\\\/ibrahim-abdeloifi-3ba416231\\\/\"]}]}<\/script>\n<!-- \/ Yoast SEO plugin. -->","yoast_head_json":{"title":"Lettre relief haut de gamme - Sp\u00e9cialiste de l'enseigne SIGN &amp; PUB","description":"Nous proposons des enseigne sur-mesure et de tr\u00e8s bonne qualit\u00e9 avec des prix abordables. Une \u00e9quipe \u00e0 votre \u00e9coute.","robots":{"index":"index","follow":"follow","max-snippet":"max-snippet:-1","max-image-preview":"max-image-preview:large","max-video-preview":"max-video-preview:-1"},"canonical":"https:\/\/signetpub.fr\/index.php\/lettre-relief-haut-de-gamme\/","og_locale":"fr_FR","og_type":"article","og_title":"Lettre relief haut de gamme - Sp\u00e9cialiste de l'enseigne SIGN &amp; PUB","og_description":"Nous proposons des enseigne sur-mesure et de tr\u00e8s bonne qualit\u00e9 avec des prix abordables. Une \u00e9quipe \u00e0 votre \u00e9coute.","og_url":"https:\/\/signetpub.fr\/index.php\/lettre-relief-haut-de-gamme\/","og_site_name":"SIGN &amp; PUB","article_modified_time":"2024-01-11T11:35:39+00:00","og_image":[{"url":"https:\/\/signetpub.fr\/wp-content\/uploads\/2024\/01\/Capture-decran-2024-01-11-a-12.34.50-1.png","type":"","width":"","height":""}],"twitter_card":"summary_large_image","twitter_misc":{"Dur\u00e9e de lecture estim\u00e9e":"1 minute"},"schema":{"@context":"https:\/\/schema.org","@graph":[{"@type":"WebPage","@id":"https:\/\/signetpub.fr\/index.php\/lettre-relief-haut-de-gamme\/","url":"https:\/\/signetpub.fr\/index.php\/lettre-relief-haut-de-gamme\/","name":"Lettre relief haut de gamme - Sp\u00e9cialiste de l'enseigne SIGN &amp; PUB","isPartOf":{"@id":"https:\/\/signetpub.fr\/#website"},"primaryImageOfPage":{"@id":"https:\/\/signetpub.fr\/index.php\/lettre-relief-haut-de-gamme\/#primaryimage"},"image":{"@id":"https:\/\/signetpub.fr\/index.php\/lettre-relief-haut-de-gamme\/#primaryimage"},"thumbnailUrl":"https:\/\/signetpub.fr\/wp-content\/uploads\/2024\/01\/Capture-decran-2024-01-11-a-12.34.50-1.png","datePublished":"2022-06-01T09:04:13+00:00","dateModified":"2024-01-11T11:35:39+00:00","description":"Nous proposons des enseigne sur-mesure et de tr\u00e8s bonne qualit\u00e9 avec des prix abordables. Une \u00e9quipe \u00e0 votre \u00e9coute.","breadcrumb":{"@id":"https:\/\/signetpub.fr\/index.php\/lettre-relief-haut-de-gamme\/#breadcrumb"},"inLanguage":"fr-FR","potentialAction":[{"@type":"ReadAction","target":["https:\/\/signetpub.fr\/index.php\/lettre-relief-haut-de-gamme\/"]}]},{"@type":"ImageObject","inLanguage":"fr-FR","@id":"https:\/\/signetpub.fr\/index.php\/lettre-relief-haut-de-gamme\/#primaryimage","url":"https:\/\/signetpub.fr\/wp-content\/uploads\/2024\/01\/Capture-decran-2024-01-11-a-12.34.50-1.png","contentUrl":"https:\/\/signetpub.fr\/wp-content\/uploads\/2024\/01\/Capture-decran-2024-01-11-a-12.34.50-1.png","width":665,"height":515},{"@type":"BreadcrumbList","@id":"https:\/\/signetpub.fr\/index.php\/lettre-relief-haut-de-gamme\/#breadcrumb","itemListElement":[{"@type":"ListItem","position":1,"name":"Accueil","item":"https:\/\/signetpub.fr\/"},{"@type":"ListItem","position":2,"name":"Lettre relief haut de gamme"}]},{"@type":"WebSite","@id":"https:\/\/signetpub.fr\/#website","url":"https:\/\/signetpub.fr\/","name":"SIGN &amp; PUB","description":"Fabricant et installateur d&#039;enseigne","publisher":{"@id":"https:\/\/signetpub.fr\/#organization"},"potentialAction":[{"@type":"SearchAction","target":{"@type":"EntryPoint","urlTemplate":"https:\/\/signetpub.fr\/?s={search_term_string}"},"query-input":{"@type":"PropertyValueSpecification","valueRequired":true,"valueName":"search_term_string"}}],"inLanguage":"fr-FR"},{"@type":"Organization","@id":"https:\/\/signetpub.fr\/#organization","name":"SIGN & PUB","url":"https:\/\/signetpub.fr\/","logo":{"@type":"ImageObject","inLanguage":"fr-FR","@id":"https:\/\/signetpub.fr\/#\/schema\/logo\/image\/","url":"http:\/\/signetpub.fr\/wp-content\/uploads\/2022\/05\/cropped-signetpub-1.jpg","contentUrl":"http:\/\/signetpub.fr\/wp-content\/uploads\/2022\/05\/cropped-signetpub-1.jpg","width":828,"height":820,"caption":"SIGN & PUB"},"image":{"@id":"https:\/\/signetpub.fr\/#\/schema\/logo\/image\/"},"sameAs":["https:\/\/www.instagram.com\/accounts\/login\/?next=signetpub","https:\/\/www.linkedin.com\/in\/ibrahim-abdeloifi-3ba416231\/"]}]}},"_links":{"self":[{"href":"https:\/\/signetpub.fr\/index.php\/wp-json\/wp\/v2\/pages\/907","targetHints":{"allow":["GET"]}}],"collection":[{"href":"https:\/\/signetpub.fr\/index.php\/wp-json\/wp\/v2\/pages"}],"about":[{"href":"https:\/\/signetpub.fr\/index.php\/wp-json\/wp\/v2\/types\/page"}],"author":[{"embeddable":true,"href":"https:\/\/signetpub.fr\/index.php\/wp-json\/wp\/v2\/users\/1"}],"replies":[{"embeddable":true,"href":"https:\/\/signetpub.fr\/index.php\/wp-json\/wp\/v2\/comments?post=907"}],"version-history":[{"count":35,"href":"https:\/\/signetpub.fr\/index.php\/wp-json\/wp\/v2\/pages\/907\/revisions"}],"predecessor-version":[{"id":1104,"href":"https:\/\/signetpub.fr\/index.php\/wp-json\/wp\/v2\/pages\/907\/revisions\/1104"}],"wp:attachment":[{"href":"https:\/\/signetpub.fr\/index.php\/wp-json\/wp\/v2\/media?parent=907"}],"curies":[{"name":"wp","href":"https:\/\/api.w.org\/{rel}","templated":true}]}}