{"id":518,"date":"2022-05-30T10:14:02","date_gmt":"2022-05-30T08:14:02","guid":{"rendered":"https:\/\/signetpub.fr\/?page_id=518"},"modified":"2024-01-11T12:50:59","modified_gmt":"2024-01-11T11:50:59","slug":"enseigne-exterieure","status":"publish","type":"page","link":"https:\/\/signetpub.fr\/index.php\/enseigne-exterieure\/","title":{"rendered":"Nos produits"},"content":{"rendered":"\n<p class=\"has-text-align-center has-text-color\" style=\"color:#f7a000\"><strong>De la fabrication de votre enseigne jusqu&rsquo;\u00e0 la pose !<\/strong><\/p>\n\n\n\n<p class=\"has-text-align-center has-text-color\" style=\"color:#f7a000\"><strong>_________________________________<\/strong><\/p>\n\n\n\n<p class=\"has-text-align-center\">Gr\u00e2ce \u00e0 notre \u00e9quipe, nous pouvons \u00e9laborer ensemble votre projet afin d\u2019obtenir une enseigne \u00e0 la hauteur de votre soci\u00e9t\u00e9 mais aussi quel que soit votre budget nous vous proposons une large s\u00e9lection d\u2019enseignes !<\/p>\n\n\n\n<div style=\"height:60px\" aria-hidden=\"true\" class=\"wp-block-spacer\"><\/div>\n\n\n\n<figure class=\"wp-block-image size-large is-resized\"><a href=\"signetpub.fr\/index.php\/pub-lettre-relief-non-lumineuse\/\"><img loading=\"lazy\" decoding=\"async\" width=\"1024\" height=\"576\" src=\"https:\/\/signetpub.fr\/wp-content\/uploads\/2024\/01\/Title-Page-1-1024x576.png\" alt=\"\" class=\"wp-image-1087\" style=\"width:500px\" srcset=\"https:\/\/signetpub.fr\/wp-content\/uploads\/2024\/01\/Title-Page-1-1024x576.png 1024w, https:\/\/signetpub.fr\/wp-content\/uploads\/2024\/01\/Title-Page-1-300x169.png 300w, https:\/\/signetpub.fr\/wp-content\/uploads\/2024\/01\/Title-Page-1-768x432.png 768w, https:\/\/signetpub.fr\/wp-content\/uploads\/2024\/01\/Title-Page-1-1536x864.png 1536w, https:\/\/signetpub.fr\/wp-content\/uploads\/2024\/01\/Title-Page-1-24x14.png 24w, https:\/\/signetpub.fr\/wp-content\/uploads\/2024\/01\/Title-Page-1-36x20.png 36w, https:\/\/signetpub.fr\/wp-content\/uploads\/2024\/01\/Title-Page-1-48x27.png 48w, https:\/\/signetpub.fr\/wp-content\/uploads\/2024\/01\/Title-Page-1.png 1920w\" sizes=\"auto, (max-width: 1024px) 100vw, 1024px\" \/><\/a><\/figure>\n\n\n\n<div style=\"height:60px\" aria-hidden=\"true\" class=\"wp-block-spacer\"><\/div>\n\n\n<div class=\"wp-block-image\">\n<figure class=\"alignright size-large is-resized\"><a href=\"signetpub.fr\/index.php\/lettre-relief-retro-eclaire\/\"><img loading=\"lazy\" decoding=\"async\" width=\"1024\" height=\"576\" src=\"https:\/\/signetpub.fr\/wp-content\/uploads\/2024\/01\/Title-Page-2-2-1024x576.png\" alt=\"\" class=\"wp-image-1095\" style=\"width:500px\" srcset=\"https:\/\/signetpub.fr\/wp-content\/uploads\/2024\/01\/Title-Page-2-2-1024x576.png 1024w, https:\/\/signetpub.fr\/wp-content\/uploads\/2024\/01\/Title-Page-2-2-300x169.png 300w, https:\/\/signetpub.fr\/wp-content\/uploads\/2024\/01\/Title-Page-2-2-768x432.png 768w, https:\/\/signetpub.fr\/wp-content\/uploads\/2024\/01\/Title-Page-2-2-1536x864.png 1536w, https:\/\/signetpub.fr\/wp-content\/uploads\/2024\/01\/Title-Page-2-2-24x14.png 24w, https:\/\/signetpub.fr\/wp-content\/uploads\/2024\/01\/Title-Page-2-2-36x20.png 36w, https:\/\/signetpub.fr\/wp-content\/uploads\/2024\/01\/Title-Page-2-2-48x27.png 48w, https:\/\/signetpub.fr\/wp-content\/uploads\/2024\/01\/Title-Page-2-2.png 1920w\" sizes=\"auto, (max-width: 1024px) 100vw, 1024px\" \/><\/a><\/figure>\n<\/div>\n\n\n<div style=\"height:60px\" aria-hidden=\"true\" class=\"wp-block-spacer\"><\/div>\n\n\n\n<figure class=\"wp-block-image size-large is-resized\"><a href=\"https:\/\/signetpub.fr\/wp-admin\/signetpub.fr\/index.php\/lettre-relief-haut-de-gamme\/\"><img loading=\"lazy\" decoding=\"async\" width=\"1024\" height=\"576\" src=\"https:\/\/signetpub.fr\/wp-content\/uploads\/2024\/01\/Title-Page-3-1-1024x576.png\" alt=\"\" class=\"wp-image-1096\" style=\"width:500px\" srcset=\"https:\/\/signetpub.fr\/wp-content\/uploads\/2024\/01\/Title-Page-3-1-1024x576.png 1024w, https:\/\/signetpub.fr\/wp-content\/uploads\/2024\/01\/Title-Page-3-1-300x169.png 300w, https:\/\/signetpub.fr\/wp-content\/uploads\/2024\/01\/Title-Page-3-1-768x432.png 768w, https:\/\/signetpub.fr\/wp-content\/uploads\/2024\/01\/Title-Page-3-1-1536x864.png 1536w, https:\/\/signetpub.fr\/wp-content\/uploads\/2024\/01\/Title-Page-3-1-24x14.png 24w, https:\/\/signetpub.fr\/wp-content\/uploads\/2024\/01\/Title-Page-3-1-36x20.png 36w, https:\/\/signetpub.fr\/wp-content\/uploads\/2024\/01\/Title-Page-3-1-48x27.png 48w, https:\/\/signetpub.fr\/wp-content\/uploads\/2024\/01\/Title-Page-3-1.png 1920w\" sizes=\"auto, (max-width: 1024px) 100vw, 1024px\" \/><\/a><\/figure>\n\n\n\n<div style=\"height:60px\" aria-hidden=\"true\" class=\"wp-block-spacer\"><\/div>\n","protected":false},"excerpt":{"rendered":"<p>De la fabrication de votre enseigne jusqu&rsquo;\u00e0 la pose ! _________________________________ Gr\u00e2ce \u00e0 notre \u00e9quipe, nous pouvons \u00e9laborer ensemble votre projet afin d\u2019obtenir une enseigne \u00e0 la hauteur de votre soci\u00e9t\u00e9 mais aussi quel que soit votre budget nous vous proposons une large s\u00e9lection d\u2019enseignes !<\/p>\n","protected":false},"author":1,"featured_media":0,"parent":0,"menu_order":0,"comment_status":"closed","ping_status":"closed","template":"","meta":{"footnotes":""},"class_list":["post-518","page","type-page","status-publish","hentry"],"yoast_head":"<!-- This site is optimized with the Yoast SEO plugin v27.4 - https:\/\/yoast.com\/product\/yoast-seo-wordpress\/ -->\n<title>Nos produits - sp\u00e9cialiste de l&#039;enseigne SIGN &amp; PUB<\/title>\n<meta name=\"description\" content=\"Nous proposons des enseigne sur-mesure et de tr\u00e8s bonne qualit\u00e9 avec des prix abordables pour votre activit\u00e9. Une \u00e9quipe \u00e0 votre \u00e9coute.\" \/>\n<meta name=\"robots\" content=\"index, follow, max-snippet:-1, max-image-preview:large, max-video-preview:-1\" \/>\n<link rel=\"canonical\" href=\"https:\/\/signetpub.fr\/index.php\/enseigne-exterieure\/\" \/>\n<meta property=\"og:locale\" content=\"fr_FR\" \/>\n<meta property=\"og:type\" content=\"article\" \/>\n<meta property=\"og:title\" content=\"Nos produits - sp\u00e9cialiste de l&#039;enseigne SIGN &amp; PUB\" \/>\n<meta property=\"og:description\" content=\"Nous proposons des enseigne sur-mesure et de tr\u00e8s bonne qualit\u00e9 avec des prix abordables pour votre activit\u00e9. Une \u00e9quipe \u00e0 votre \u00e9coute.\" \/>\n<meta property=\"og:url\" content=\"https:\/\/signetpub.fr\/index.php\/enseigne-exterieure\/\" \/>\n<meta property=\"og:site_name\" content=\"SIGN &amp; PUB\" \/>\n<meta property=\"article:modified_time\" content=\"2024-01-11T11:50:59+00:00\" \/>\n<meta property=\"og:image\" content=\"https:\/\/signetpub.fr\/wp-content\/uploads\/2024\/01\/Title-Page-1-1024x576.png\" \/>\n<meta name=\"twitter:card\" content=\"summary_large_image\" \/>\n<meta name=\"twitter:label1\" content=\"Dur\u00e9e de lecture estim\u00e9e\" \/>\n\t<meta name=\"twitter:data1\" content=\"1 minute\" \/>\n<script type=\"application\/ld+json\" class=\"yoast-schema-graph\">{\"@context\":\"https:\\\/\\\/schema.org\",\"@graph\":[{\"@type\":\"WebPage\",\"@id\":\"https:\\\/\\\/signetpub.fr\\\/index.php\\\/enseigne-exterieure\\\/\",\"url\":\"https:\\\/\\\/signetpub.fr\\\/index.php\\\/enseigne-exterieure\\\/\",\"name\":\"Nos produits - sp\u00e9cialiste de l'enseigne SIGN &amp; PUB\",\"isPartOf\":{\"@id\":\"https:\\\/\\\/signetpub.fr\\\/#website\"},\"primaryImageOfPage\":{\"@id\":\"https:\\\/\\\/signetpub.fr\\\/index.php\\\/enseigne-exterieure\\\/#primaryimage\"},\"image\":{\"@id\":\"https:\\\/\\\/signetpub.fr\\\/index.php\\\/enseigne-exterieure\\\/#primaryimage\"},\"thumbnailUrl\":\"https:\\\/\\\/signetpub.fr\\\/wp-content\\\/uploads\\\/2024\\\/01\\\/Title-Page-1-1024x576.png\",\"datePublished\":\"2022-05-30T08:14:02+00:00\",\"dateModified\":\"2024-01-11T11:50:59+00:00\",\"description\":\"Nous proposons des enseigne sur-mesure et de tr\u00e8s bonne qualit\u00e9 avec des prix abordables pour votre activit\u00e9. Une \u00e9quipe \u00e0 votre \u00e9coute.\",\"breadcrumb\":{\"@id\":\"https:\\\/\\\/signetpub.fr\\\/index.php\\\/enseigne-exterieure\\\/#breadcrumb\"},\"inLanguage\":\"fr-FR\",\"potentialAction\":[{\"@type\":\"ReadAction\",\"target\":[\"https:\\\/\\\/signetpub.fr\\\/index.php\\\/enseigne-exterieure\\\/\"]}]},{\"@type\":\"ImageObject\",\"inLanguage\":\"fr-FR\",\"@id\":\"https:\\\/\\\/signetpub.fr\\\/index.php\\\/enseigne-exterieure\\\/#primaryimage\",\"url\":\"https:\\\/\\\/signetpub.fr\\\/wp-content\\\/uploads\\\/2024\\\/01\\\/Title-Page-1.png\",\"contentUrl\":\"https:\\\/\\\/signetpub.fr\\\/wp-content\\\/uploads\\\/2024\\\/01\\\/Title-Page-1.png\",\"width\":1920,\"height\":1080},{\"@type\":\"BreadcrumbList\",\"@id\":\"https:\\\/\\\/signetpub.fr\\\/index.php\\\/enseigne-exterieure\\\/#breadcrumb\",\"itemListElement\":[{\"@type\":\"ListItem\",\"position\":1,\"name\":\"Accueil\",\"item\":\"https:\\\/\\\/signetpub.fr\\\/\"},{\"@type\":\"ListItem\",\"position\":2,\"name\":\"Nos produits\"}]},{\"@type\":\"WebSite\",\"@id\":\"https:\\\/\\\/signetpub.fr\\\/#website\",\"url\":\"https:\\\/\\\/signetpub.fr\\\/\",\"name\":\"SIGN &amp; PUB\",\"description\":\"Fabricant et installateur d&#039;enseigne\",\"publisher\":{\"@id\":\"https:\\\/\\\/signetpub.fr\\\/#organization\"},\"potentialAction\":[{\"@type\":\"SearchAction\",\"target\":{\"@type\":\"EntryPoint\",\"urlTemplate\":\"https:\\\/\\\/signetpub.fr\\\/?s={search_term_string}\"},\"query-input\":{\"@type\":\"PropertyValueSpecification\",\"valueRequired\":true,\"valueName\":\"search_term_string\"}}],\"inLanguage\":\"fr-FR\"},{\"@type\":\"Organization\",\"@id\":\"https:\\\/\\\/signetpub.fr\\\/#organization\",\"name\":\"SIGN & PUB\",\"url\":\"https:\\\/\\\/signetpub.fr\\\/\",\"logo\":{\"@type\":\"ImageObject\",\"inLanguage\":\"fr-FR\",\"@id\":\"https:\\\/\\\/signetpub.fr\\\/#\\\/schema\\\/logo\\\/image\\\/\",\"url\":\"http:\\\/\\\/signetpub.fr\\\/wp-content\\\/uploads\\\/2022\\\/05\\\/cropped-signetpub-1.jpg\",\"contentUrl\":\"http:\\\/\\\/signetpub.fr\\\/wp-content\\\/uploads\\\/2022\\\/05\\\/cropped-signetpub-1.jpg\",\"width\":828,\"height\":820,\"caption\":\"SIGN & PUB\"},\"image\":{\"@id\":\"https:\\\/\\\/signetpub.fr\\\/#\\\/schema\\\/logo\\\/image\\\/\"},\"sameAs\":[\"https:\\\/\\\/www.instagram.com\\\/accounts\\\/login\\\/?next=signetpub\",\"https:\\\/\\\/www.linkedin.com\\\/in\\\/ibrahim-abdeloifi-3ba416231\\\/\"]}]}<\/script>\n<!-- \/ Yoast SEO plugin. -->","yoast_head_json":{"title":"Nos produits - sp\u00e9cialiste de l'enseigne SIGN &amp; PUB","description":"Nous proposons des enseigne sur-mesure et de tr\u00e8s bonne qualit\u00e9 avec des prix abordables pour votre activit\u00e9. Une \u00e9quipe \u00e0 votre \u00e9coute.","robots":{"index":"index","follow":"follow","max-snippet":"max-snippet:-1","max-image-preview":"max-image-preview:large","max-video-preview":"max-video-preview:-1"},"canonical":"https:\/\/signetpub.fr\/index.php\/enseigne-exterieure\/","og_locale":"fr_FR","og_type":"article","og_title":"Nos produits - sp\u00e9cialiste de l'enseigne SIGN &amp; PUB","og_description":"Nous proposons des enseigne sur-mesure et de tr\u00e8s bonne qualit\u00e9 avec des prix abordables pour votre activit\u00e9. Une \u00e9quipe \u00e0 votre \u00e9coute.","og_url":"https:\/\/signetpub.fr\/index.php\/enseigne-exterieure\/","og_site_name":"SIGN &amp; PUB","article_modified_time":"2024-01-11T11:50:59+00:00","og_image":[{"url":"https:\/\/signetpub.fr\/wp-content\/uploads\/2024\/01\/Title-Page-1-1024x576.png","type":"","width":"","height":""}],"twitter_card":"summary_large_image","twitter_misc":{"Dur\u00e9e de lecture estim\u00e9e":"1 minute"},"schema":{"@context":"https:\/\/schema.org","@graph":[{"@type":"WebPage","@id":"https:\/\/signetpub.fr\/index.php\/enseigne-exterieure\/","url":"https:\/\/signetpub.fr\/index.php\/enseigne-exterieure\/","name":"Nos produits - sp\u00e9cialiste de l'enseigne SIGN &amp; PUB","isPartOf":{"@id":"https:\/\/signetpub.fr\/#website"},"primaryImageOfPage":{"@id":"https:\/\/signetpub.fr\/index.php\/enseigne-exterieure\/#primaryimage"},"image":{"@id":"https:\/\/signetpub.fr\/index.php\/enseigne-exterieure\/#primaryimage"},"thumbnailUrl":"https:\/\/signetpub.fr\/wp-content\/uploads\/2024\/01\/Title-Page-1-1024x576.png","datePublished":"2022-05-30T08:14:02+00:00","dateModified":"2024-01-11T11:50:59+00:00","description":"Nous proposons des enseigne sur-mesure et de tr\u00e8s bonne qualit\u00e9 avec des prix abordables pour votre activit\u00e9. Une \u00e9quipe \u00e0 votre \u00e9coute.","breadcrumb":{"@id":"https:\/\/signetpub.fr\/index.php\/enseigne-exterieure\/#breadcrumb"},"inLanguage":"fr-FR","potentialAction":[{"@type":"ReadAction","target":["https:\/\/signetpub.fr\/index.php\/enseigne-exterieure\/"]}]},{"@type":"ImageObject","inLanguage":"fr-FR","@id":"https:\/\/signetpub.fr\/index.php\/enseigne-exterieure\/#primaryimage","url":"https:\/\/signetpub.fr\/wp-content\/uploads\/2024\/01\/Title-Page-1.png","contentUrl":"https:\/\/signetpub.fr\/wp-content\/uploads\/2024\/01\/Title-Page-1.png","width":1920,"height":1080},{"@type":"BreadcrumbList","@id":"https:\/\/signetpub.fr\/index.php\/enseigne-exterieure\/#breadcrumb","itemListElement":[{"@type":"ListItem","position":1,"name":"Accueil","item":"https:\/\/signetpub.fr\/"},{"@type":"ListItem","position":2,"name":"Nos produits"}]},{"@type":"WebSite","@id":"https:\/\/signetpub.fr\/#website","url":"https:\/\/signetpub.fr\/","name":"SIGN &amp; PUB","description":"Fabricant et installateur d&#039;enseigne","publisher":{"@id":"https:\/\/signetpub.fr\/#organization"},"potentialAction":[{"@type":"SearchAction","target":{"@type":"EntryPoint","urlTemplate":"https:\/\/signetpub.fr\/?s={search_term_string}"},"query-input":{"@type":"PropertyValueSpecification","valueRequired":true,"valueName":"search_term_string"}}],"inLanguage":"fr-FR"},{"@type":"Organization","@id":"https:\/\/signetpub.fr\/#organization","name":"SIGN & PUB","url":"https:\/\/signetpub.fr\/","logo":{"@type":"ImageObject","inLanguage":"fr-FR","@id":"https:\/\/signetpub.fr\/#\/schema\/logo\/image\/","url":"http:\/\/signetpub.fr\/wp-content\/uploads\/2022\/05\/cropped-signetpub-1.jpg","contentUrl":"http:\/\/signetpub.fr\/wp-content\/uploads\/2022\/05\/cropped-signetpub-1.jpg","width":828,"height":820,"caption":"SIGN & PUB"},"image":{"@id":"https:\/\/signetpub.fr\/#\/schema\/logo\/image\/"},"sameAs":["https:\/\/www.instagram.com\/accounts\/login\/?next=signetpub","https:\/\/www.linkedin.com\/in\/ibrahim-abdeloifi-3ba416231\/"]}]}},"_links":{"self":[{"href":"https:\/\/signetpub.fr\/index.php\/wp-json\/wp\/v2\/pages\/518","targetHints":{"allow":["GET"]}}],"collection":[{"href":"https:\/\/signetpub.fr\/index.php\/wp-json\/wp\/v2\/pages"}],"about":[{"href":"https:\/\/signetpub.fr\/index.php\/wp-json\/wp\/v2\/types\/page"}],"author":[{"embeddable":true,"href":"https:\/\/signetpub.fr\/index.php\/wp-json\/wp\/v2\/users\/1"}],"replies":[{"embeddable":true,"href":"https:\/\/signetpub.fr\/index.php\/wp-json\/wp\/v2\/comments?post=518"}],"version-history":[{"count":52,"href":"https:\/\/signetpub.fr\/index.php\/wp-json\/wp\/v2\/pages\/518\/revisions"}],"predecessor-version":[{"id":1119,"href":"https:\/\/signetpub.fr\/index.php\/wp-json\/wp\/v2\/pages\/518\/revisions\/1119"}],"wp:attachment":[{"href":"https:\/\/signetpub.fr\/index.php\/wp-json\/wp\/v2\/media?parent=518"}],"curies":[{"name":"wp","href":"https:\/\/api.w.org\/{rel}","templated":true}]}}