{"id":46,"date":"2022-05-16T11:04:30","date_gmt":"2022-05-16T09:04:30","guid":{"rendered":"http:\/\/signetpub.fr\/?page_id=46"},"modified":"2024-01-11T10:40:06","modified_gmt":"2024-01-11T09:40:06","slug":"signaletique-exterieure","status":"publish","type":"page","link":"https:\/\/signetpub.fr\/index.php\/signaletique-exterieure\/","title":{"rendered":"Contactez-nous"},"content":{"rendered":"\n<div class=\"wp-block-columns is-layout-flex wp-container-core-columns-is-layout-9d6595d7 wp-block-columns-is-layout-flex\">\n<div class=\"wp-block-column is-layout-flow wp-block-column-is-layout-flow\" style=\"flex-basis:100%\"><\/div>\n<\/div>\n\n\n\n<div class=\"wp-block-columns alignfull is-layout-flex wp-container-core-columns-is-layout-9d6595d7 wp-block-columns-is-layout-flex\">\n<div class=\"wp-block-column is-layout-flow wp-block-column-is-layout-flow\">\n<\/div>\n<\/div>\n\n\n\n<div class=\"wp-block-columns container is-layout-flex wp-container-core-columns-is-layout-9d6595d7 wp-block-columns-is-layout-flex\">\n<div class=\"wp-block-column is-vertically-aligned-center is-layout-flow wp-block-column-is-layout-flow\">\n<div class=\"wp-block-columns is-layout-flex wp-container-core-columns-is-layout-9d6595d7 wp-block-columns-is-layout-flex\">\n<div class=\"wp-block-column is-layout-flow wp-block-column-is-layout-flow\"><\/div>\n\n\n\n<div class=\"wp-block-column is-layout-flow wp-block-column-is-layout-flow\" style=\"flex-basis:50%\"><div class=\"wp-block-image\">\n<figure class=\"alignleft size-full is-resized\"><img loading=\"lazy\" decoding=\"async\" width=\"512\" height=\"512\" src=\"https:\/\/signetpub.fr\/wp-content\/uploads\/2022\/05\/i.jpg\" alt=\"\" class=\"wp-image-508\" style=\"width:38px;height:38px\" srcset=\"https:\/\/signetpub.fr\/wp-content\/uploads\/2022\/05\/i.jpg 512w, https:\/\/signetpub.fr\/wp-content\/uploads\/2022\/05\/i-300x300.jpg 300w, https:\/\/signetpub.fr\/wp-content\/uploads\/2022\/05\/i-150x150.jpg 150w, https:\/\/signetpub.fr\/wp-content\/uploads\/2022\/05\/i-24x24.jpg 24w, https:\/\/signetpub.fr\/wp-content\/uploads\/2022\/05\/i-36x36.jpg 36w, https:\/\/signetpub.fr\/wp-content\/uploads\/2022\/05\/i-48x48.jpg 48w\" sizes=\"auto, (max-width: 512px) 100vw, 512px\" \/><\/figure>\n<\/div>\n\n\n<h4 class=\"wp-block-heading has-text-align-left hestia-title has-text-color\" style=\"color:#3c4858;font-size:18px\"><strong>Notre adresse<\/strong><\/h4>\n\n\n\n<p class=\"has-text-align-left has-text-color\" style=\"color:#999999;font-size:14px\"><a href=\"https:\/\/www.google.com\/maps?q=signetpub.fr+aulnay&amp;rlz=1C1VDKB_frFR996FR996&amp;um=1&amp;ie=UTF-8&amp;sa=X&amp;ved=2ahUKEwjqj_uf0Ov3AhUOxIUKHfk1AEcQ_AUoAXoECAIQAw\">1 Rue Auguste Renoir,     93600 Aulnay-sous-Bois<\/a><\/p>\n\n\n\n<div style=\"height:40px\" aria-hidden=\"true\" class=\"wp-block-spacer\"><\/div>\n\n\n<div class=\"wp-block-image\">\n<figure class=\"alignleft size-large is-resized\"><img loading=\"lazy\" decoding=\"async\" width=\"1024\" height=\"1024\" src=\"https:\/\/signetpub.fr\/wp-content\/uploads\/2022\/05\/tel-1024x1024.jpg\" alt=\"\" class=\"wp-image-248\" style=\"width:38px;height:38px\" srcset=\"https:\/\/signetpub.fr\/wp-content\/uploads\/2022\/05\/tel-1024x1024.jpg 1024w, https:\/\/signetpub.fr\/wp-content\/uploads\/2022\/05\/tel-300x300.jpg 300w, https:\/\/signetpub.fr\/wp-content\/uploads\/2022\/05\/tel-150x150.jpg 150w, https:\/\/signetpub.fr\/wp-content\/uploads\/2022\/05\/tel-768x768.jpg 768w, https:\/\/signetpub.fr\/wp-content\/uploads\/2022\/05\/tel-1536x1536.jpg 1536w, https:\/\/signetpub.fr\/wp-content\/uploads\/2022\/05\/tel.jpg 1920w\" sizes=\"auto, (max-width: 1024px) 100vw, 1024px\" \/><\/figure>\n<\/div>\n\n\n<h4 class=\"wp-block-heading has-text-align-left hestia-title has-text-color\" style=\"color:#3c4858;font-size:18px\">  <strong><strong>Contactez-nous<\/strong><\/strong><\/h4>\n\n\n\n<p class=\"has-text-align-left has-text-color\" style=\"color:#999999;font-size:14px\"><a href=\"https:\/\/www.google.com\/search?q=sign+et+pub+aulnay+sous+bois&amp;rlz=1C1VDKB_frFR996FR996&amp;oq=aulnay+sous+bois+sign+&amp;aqs=chrome.1.69i57j0i22i30.4682j0j7&amp;sourceid=chrome&amp;ie=UTF-8#\">06 50 00 15 76<\/a><\/p>\n\n\n\n<div style=\"height:40px\" aria-hidden=\"true\" class=\"wp-block-spacer\"><\/div>\n\n\n<div class=\"wp-block-image\">\n<figure class=\"alignleft size-full is-resized\"><img loading=\"lazy\" decoding=\"async\" width=\"225\" height=\"225\" src=\"https:\/\/signetpub.fr\/wp-content\/uploads\/2022\/05\/m.png\" alt=\"\" class=\"wp-image-422\" style=\"width:38px;height:38px\" srcset=\"https:\/\/signetpub.fr\/wp-content\/uploads\/2022\/05\/m.png 225w, https:\/\/signetpub.fr\/wp-content\/uploads\/2022\/05\/m-150x150.png 150w\" sizes=\"auto, (max-width: 225px) 100vw, 225px\" \/><\/figure>\n<\/div>\n\n\n<h4 class=\"wp-block-heading has-text-align-left hestia-title has-text-color\" style=\"color:#3c4858;font-size:18px\">  <strong><strong>Mail<\/strong><\/strong><\/h4>\n\n\n\n<p class=\"has-text-align-left has-text-color\" style=\"color:#999999;font-size:14px\"><a href=\"https:\/\/www.google.com\/search?q=sign+et+pub+aulnay+sous+bois&amp;rlz=1C1VDKB_frFR996FR996&amp;oq=aulnay+sous+bois+sign+&amp;aqs=chrome.1.69i57j0i22i30.4682j0j7&amp;sourceid=chrome&amp;ie=UTF-8\">contact@signetpub.fr<\/a><\/p>\n<\/div>\n\n\n\n<div class=\"wp-block-column is-layout-flow wp-block-column-is-layout-flow\"><\/div>\n<\/div>\n<\/div>\n\n\n\n<div class=\"wp-block-column is-vertically-aligned-center is-layout-flow wp-block-column-is-layout-flow\">\n<h2 class=\"wp-block-heading has-text-align-center hestia-title\">Une question ? <\/h2>\n\n\n\n<div style=\"height:40px\" aria-hidden=\"true\" class=\"wp-block-spacer\"><\/div>\n\n\n\n<div class=\"wpforms-container wpforms-container-full\" id=\"wpforms-177\"><form id=\"wpforms-form-177\" class=\"wpforms-validate wpforms-form wpforms-ajax-form\" data-formid=\"177\" method=\"post\" enctype=\"multipart\/form-data\" action=\"\/index.php\/wp-json\/wp\/v2\/pages\/46\" data-token=\"68adea85ce546cb14523207a23665979\" data-token-time=\"1776412714\"><noscript class=\"wpforms-error-noscript\">Veuillez activer JavaScript dans votre navigateur pour remplir ce formulaire.<\/noscript><div class=\"wpforms-field-container\"><div id=\"wpforms-177-field_0-container\" class=\"wpforms-field wpforms-field-name\" data-field-id=\"0\"><label class=\"wpforms-field-label\" for=\"wpforms-177-field_0\">Contact <span class=\"wpforms-required-label\">*<\/span><\/label><input type=\"text\" id=\"wpforms-177-field_0\" class=\"wpforms-field-medium wpforms-field-required\" name=\"wpforms[fields][0]\" required><\/div><div id=\"wpforms-177-field_1-container\" class=\"wpforms-field wpforms-field-email\" data-field-id=\"1\"><label class=\"wpforms-field-label\" for=\"wpforms-177-field_1\">Email <span class=\"wpforms-required-label\">*<\/span><\/label><input type=\"email\" id=\"wpforms-177-field_1\" class=\"wpforms-field-medium wpforms-field-required\" name=\"wpforms[fields][1]\" spellcheck=\"false\" required><\/div><div id=\"wpforms-177-field_3-container\" class=\"wpforms-field wpforms-field-textarea\" data-field-id=\"3\"><label class=\"wpforms-field-label\" for=\"wpforms-177-field_3\">Commentaire <span class=\"wpforms-required-label\">*<\/span><\/label><textarea id=\"wpforms-177-field_3\" class=\"wpforms-field-medium wpforms-field-required\" name=\"wpforms[fields][3]\" required><\/textarea><\/div><\/div><!-- .wpforms-field-container --><div class=\"wpforms-submit-container\" ><input type=\"hidden\" name=\"wpforms[id]\" value=\"177\"><input type=\"hidden\" name=\"page_title\" value=\"\"><input type=\"hidden\" name=\"page_url\" value=\"https:\/\/signetpub.fr\/index.php\/wp-json\/wp\/v2\/pages\/46\"><input type=\"hidden\" name=\"url_referer\" value=\"\"><button type=\"submit\" name=\"wpforms[submit]\" id=\"wpforms-submit-177\" class=\"wpforms-submit\" data-alt-text=\"Sending...\" data-submit-text=\"Envoyer\" aria-live=\"assertive\" value=\"wpforms-submit\">Envoyer<\/button><img loading=\"lazy\" decoding=\"async\" src=\"https:\/\/signetpub.fr\/wp-content\/plugins\/wpforms-lite\/assets\/images\/submit-spin.svg\" class=\"wpforms-submit-spinner\" style=\"display: none;\" width=\"26\" height=\"26\" alt=\"Chargement en cours\"><\/div><\/form><\/div>  <!-- .wpforms-container -->\n<\/div>\n<\/div>\n","protected":false},"excerpt":{"rendered":"<p>Notre adresse 1 Rue Auguste Renoir, 93600 Aulnay-sous-Bois Contactez-nous 06 50 00 15 76 Mail contact@signetpub.fr Une question ?<\/p>\n","protected":false},"author":1,"featured_media":38,"parent":0,"menu_order":0,"comment_status":"closed","ping_status":"closed","template":"page-templates\/template-pagebuilder-full-width.php","meta":{"footnotes":""},"class_list":["post-46","page","type-page","status-publish","has-post-thumbnail","hentry"],"yoast_head":"<!-- This site is optimized with the Yoast SEO plugin v27.4 - https:\/\/yoast.com\/product\/yoast-seo-wordpress\/ -->\n<title>Contactez-nous : sp\u00e9cialiste de l&#039;enseigne - SIGN &amp; PUB<\/title>\n<meta name=\"description\" content=\"De nombreux choix sur les enseignes lumineuses avec SIGN&amp;PUB et de tr\u00e8s bonne qualit\u00e9 avec des prix abordables. Une \u00e9quipe \u00e0 votre \u00e9coute.\" \/>\n<meta name=\"robots\" content=\"index, follow, max-snippet:-1, max-image-preview:large, max-video-preview:-1\" \/>\n<link rel=\"canonical\" href=\"https:\/\/signetpub.fr\/index.php\/signaletique-exterieure\/\" \/>\n<meta property=\"og:locale\" content=\"fr_FR\" \/>\n<meta property=\"og:type\" content=\"article\" \/>\n<meta property=\"og:title\" content=\"Contactez-nous : sp\u00e9cialiste de l&#039;enseigne - SIGN &amp; PUB\" \/>\n<meta property=\"og:description\" content=\"De nombreux choix sur les enseignes lumineuses avec SIGN&amp;PUB et de tr\u00e8s bonne qualit\u00e9 avec des prix abordables. Une \u00e9quipe \u00e0 votre \u00e9coute.\" \/>\n<meta property=\"og:url\" content=\"https:\/\/signetpub.fr\/index.php\/signaletique-exterieure\/\" \/>\n<meta property=\"og:site_name\" content=\"SIGN &amp; PUB\" \/>\n<meta property=\"article:modified_time\" content=\"2024-01-11T09:40:06+00:00\" \/>\n<meta property=\"og:image\" content=\"https:\/\/signetpub.fr\/wp-content\/uploads\/2022\/05\/contact-2.jpg\" \/>\n\t<meta property=\"og:image:width\" content=\"1024\" \/>\n\t<meta property=\"og:image:height\" content=\"683\" \/>\n\t<meta property=\"og:image:type\" content=\"image\/jpeg\" \/>\n<meta name=\"twitter:card\" content=\"summary_large_image\" \/>\n<meta name=\"twitter:label1\" content=\"Dur\u00e9e de lecture estim\u00e9e\" \/>\n\t<meta name=\"twitter:data1\" content=\"1 minute\" \/>\n<script type=\"application\/ld+json\" class=\"yoast-schema-graph\">{\"@context\":\"https:\\\/\\\/schema.org\",\"@graph\":[{\"@type\":\"WebPage\",\"@id\":\"https:\\\/\\\/signetpub.fr\\\/index.php\\\/signaletique-exterieure\\\/\",\"url\":\"https:\\\/\\\/signetpub.fr\\\/index.php\\\/signaletique-exterieure\\\/\",\"name\":\"Contactez-nous : sp\u00e9cialiste de l'enseigne - SIGN &amp; PUB\",\"isPartOf\":{\"@id\":\"https:\\\/\\\/signetpub.fr\\\/#website\"},\"primaryImageOfPage\":{\"@id\":\"https:\\\/\\\/signetpub.fr\\\/index.php\\\/signaletique-exterieure\\\/#primaryimage\"},\"image\":{\"@id\":\"https:\\\/\\\/signetpub.fr\\\/index.php\\\/signaletique-exterieure\\\/#primaryimage\"},\"thumbnailUrl\":\"https:\\\/\\\/signetpub.fr\\\/wp-content\\\/uploads\\\/2022\\\/05\\\/contact-2.jpg\",\"datePublished\":\"2022-05-16T09:04:30+00:00\",\"dateModified\":\"2024-01-11T09:40:06+00:00\",\"description\":\"De nombreux choix sur les enseignes lumineuses avec SIGN&PUB et de tr\u00e8s bonne qualit\u00e9 avec des prix abordables. Une \u00e9quipe \u00e0 votre \u00e9coute.\",\"breadcrumb\":{\"@id\":\"https:\\\/\\\/signetpub.fr\\\/index.php\\\/signaletique-exterieure\\\/#breadcrumb\"},\"inLanguage\":\"fr-FR\",\"potentialAction\":[{\"@type\":\"ReadAction\",\"target\":[\"https:\\\/\\\/signetpub.fr\\\/index.php\\\/signaletique-exterieure\\\/\"]}]},{\"@type\":\"ImageObject\",\"inLanguage\":\"fr-FR\",\"@id\":\"https:\\\/\\\/signetpub.fr\\\/index.php\\\/signaletique-exterieure\\\/#primaryimage\",\"url\":\"https:\\\/\\\/signetpub.fr\\\/wp-content\\\/uploads\\\/2022\\\/05\\\/contact-2.jpg\",\"contentUrl\":\"https:\\\/\\\/signetpub.fr\\\/wp-content\\\/uploads\\\/2022\\\/05\\\/contact-2.jpg\",\"width\":1024,\"height\":683},{\"@type\":\"BreadcrumbList\",\"@id\":\"https:\\\/\\\/signetpub.fr\\\/index.php\\\/signaletique-exterieure\\\/#breadcrumb\",\"itemListElement\":[{\"@type\":\"ListItem\",\"position\":1,\"name\":\"Accueil\",\"item\":\"https:\\\/\\\/signetpub.fr\\\/\"},{\"@type\":\"ListItem\",\"position\":2,\"name\":\"Contactez-nous\"}]},{\"@type\":\"WebSite\",\"@id\":\"https:\\\/\\\/signetpub.fr\\\/#website\",\"url\":\"https:\\\/\\\/signetpub.fr\\\/\",\"name\":\"SIGN &amp; PUB\",\"description\":\"Fabricant et installateur d&#039;enseigne\",\"publisher\":{\"@id\":\"https:\\\/\\\/signetpub.fr\\\/#organization\"},\"potentialAction\":[{\"@type\":\"SearchAction\",\"target\":{\"@type\":\"EntryPoint\",\"urlTemplate\":\"https:\\\/\\\/signetpub.fr\\\/?s={search_term_string}\"},\"query-input\":{\"@type\":\"PropertyValueSpecification\",\"valueRequired\":true,\"valueName\":\"search_term_string\"}}],\"inLanguage\":\"fr-FR\"},{\"@type\":\"Organization\",\"@id\":\"https:\\\/\\\/signetpub.fr\\\/#organization\",\"name\":\"SIGN & PUB\",\"url\":\"https:\\\/\\\/signetpub.fr\\\/\",\"logo\":{\"@type\":\"ImageObject\",\"inLanguage\":\"fr-FR\",\"@id\":\"https:\\\/\\\/signetpub.fr\\\/#\\\/schema\\\/logo\\\/image\\\/\",\"url\":\"http:\\\/\\\/signetpub.fr\\\/wp-content\\\/uploads\\\/2022\\\/05\\\/cropped-signetpub-1.jpg\",\"contentUrl\":\"http:\\\/\\\/signetpub.fr\\\/wp-content\\\/uploads\\\/2022\\\/05\\\/cropped-signetpub-1.jpg\",\"width\":828,\"height\":820,\"caption\":\"SIGN & PUB\"},\"image\":{\"@id\":\"https:\\\/\\\/signetpub.fr\\\/#\\\/schema\\\/logo\\\/image\\\/\"},\"sameAs\":[\"https:\\\/\\\/www.instagram.com\\\/accounts\\\/login\\\/?next=signetpub\",\"https:\\\/\\\/www.linkedin.com\\\/in\\\/ibrahim-abdeloifi-3ba416231\\\/\"]}]}<\/script>\n<!-- \/ Yoast SEO plugin. -->","yoast_head_json":{"title":"Contactez-nous : sp\u00e9cialiste de l'enseigne - SIGN &amp; PUB","description":"De nombreux choix sur les enseignes lumineuses avec SIGN&PUB et de tr\u00e8s bonne qualit\u00e9 avec des prix abordables. Une \u00e9quipe \u00e0 votre \u00e9coute.","robots":{"index":"index","follow":"follow","max-snippet":"max-snippet:-1","max-image-preview":"max-image-preview:large","max-video-preview":"max-video-preview:-1"},"canonical":"https:\/\/signetpub.fr\/index.php\/signaletique-exterieure\/","og_locale":"fr_FR","og_type":"article","og_title":"Contactez-nous : sp\u00e9cialiste de l'enseigne - SIGN &amp; PUB","og_description":"De nombreux choix sur les enseignes lumineuses avec SIGN&PUB et de tr\u00e8s bonne qualit\u00e9 avec des prix abordables. Une \u00e9quipe \u00e0 votre \u00e9coute.","og_url":"https:\/\/signetpub.fr\/index.php\/signaletique-exterieure\/","og_site_name":"SIGN &amp; PUB","article_modified_time":"2024-01-11T09:40:06+00:00","og_image":[{"width":1024,"height":683,"url":"https:\/\/signetpub.fr\/wp-content\/uploads\/2022\/05\/contact-2.jpg","type":"image\/jpeg"}],"twitter_card":"summary_large_image","twitter_misc":{"Dur\u00e9e de lecture estim\u00e9e":"1 minute"},"schema":{"@context":"https:\/\/schema.org","@graph":[{"@type":"WebPage","@id":"https:\/\/signetpub.fr\/index.php\/signaletique-exterieure\/","url":"https:\/\/signetpub.fr\/index.php\/signaletique-exterieure\/","name":"Contactez-nous : sp\u00e9cialiste de l'enseigne - SIGN &amp; PUB","isPartOf":{"@id":"https:\/\/signetpub.fr\/#website"},"primaryImageOfPage":{"@id":"https:\/\/signetpub.fr\/index.php\/signaletique-exterieure\/#primaryimage"},"image":{"@id":"https:\/\/signetpub.fr\/index.php\/signaletique-exterieure\/#primaryimage"},"thumbnailUrl":"https:\/\/signetpub.fr\/wp-content\/uploads\/2022\/05\/contact-2.jpg","datePublished":"2022-05-16T09:04:30+00:00","dateModified":"2024-01-11T09:40:06+00:00","description":"De nombreux choix sur les enseignes lumineuses avec SIGN&PUB et de tr\u00e8s bonne qualit\u00e9 avec des prix abordables. Une \u00e9quipe \u00e0 votre \u00e9coute.","breadcrumb":{"@id":"https:\/\/signetpub.fr\/index.php\/signaletique-exterieure\/#breadcrumb"},"inLanguage":"fr-FR","potentialAction":[{"@type":"ReadAction","target":["https:\/\/signetpub.fr\/index.php\/signaletique-exterieure\/"]}]},{"@type":"ImageObject","inLanguage":"fr-FR","@id":"https:\/\/signetpub.fr\/index.php\/signaletique-exterieure\/#primaryimage","url":"https:\/\/signetpub.fr\/wp-content\/uploads\/2022\/05\/contact-2.jpg","contentUrl":"https:\/\/signetpub.fr\/wp-content\/uploads\/2022\/05\/contact-2.jpg","width":1024,"height":683},{"@type":"BreadcrumbList","@id":"https:\/\/signetpub.fr\/index.php\/signaletique-exterieure\/#breadcrumb","itemListElement":[{"@type":"ListItem","position":1,"name":"Accueil","item":"https:\/\/signetpub.fr\/"},{"@type":"ListItem","position":2,"name":"Contactez-nous"}]},{"@type":"WebSite","@id":"https:\/\/signetpub.fr\/#website","url":"https:\/\/signetpub.fr\/","name":"SIGN &amp; PUB","description":"Fabricant et installateur d&#039;enseigne","publisher":{"@id":"https:\/\/signetpub.fr\/#organization"},"potentialAction":[{"@type":"SearchAction","target":{"@type":"EntryPoint","urlTemplate":"https:\/\/signetpub.fr\/?s={search_term_string}"},"query-input":{"@type":"PropertyValueSpecification","valueRequired":true,"valueName":"search_term_string"}}],"inLanguage":"fr-FR"},{"@type":"Organization","@id":"https:\/\/signetpub.fr\/#organization","name":"SIGN & PUB","url":"https:\/\/signetpub.fr\/","logo":{"@type":"ImageObject","inLanguage":"fr-FR","@id":"https:\/\/signetpub.fr\/#\/schema\/logo\/image\/","url":"http:\/\/signetpub.fr\/wp-content\/uploads\/2022\/05\/cropped-signetpub-1.jpg","contentUrl":"http:\/\/signetpub.fr\/wp-content\/uploads\/2022\/05\/cropped-signetpub-1.jpg","width":828,"height":820,"caption":"SIGN & PUB"},"image":{"@id":"https:\/\/signetpub.fr\/#\/schema\/logo\/image\/"},"sameAs":["https:\/\/www.instagram.com\/accounts\/login\/?next=signetpub","https:\/\/www.linkedin.com\/in\/ibrahim-abdeloifi-3ba416231\/"]}]}},"_links":{"self":[{"href":"https:\/\/signetpub.fr\/index.php\/wp-json\/wp\/v2\/pages\/46","targetHints":{"allow":["GET"]}}],"collection":[{"href":"https:\/\/signetpub.fr\/index.php\/wp-json\/wp\/v2\/pages"}],"about":[{"href":"https:\/\/signetpub.fr\/index.php\/wp-json\/wp\/v2\/types\/page"}],"author":[{"embeddable":true,"href":"https:\/\/signetpub.fr\/index.php\/wp-json\/wp\/v2\/users\/1"}],"replies":[{"embeddable":true,"href":"https:\/\/signetpub.fr\/index.php\/wp-json\/wp\/v2\/comments?post=46"}],"version-history":[{"count":31,"href":"https:\/\/signetpub.fr\/index.php\/wp-json\/wp\/v2\/pages\/46\/revisions"}],"predecessor-version":[{"id":1094,"href":"https:\/\/signetpub.fr\/index.php\/wp-json\/wp\/v2\/pages\/46\/revisions\/1094"}],"wp:featuredmedia":[{"embeddable":true,"href":"https:\/\/signetpub.fr\/index.php\/wp-json\/wp\/v2\/media\/38"}],"wp:attachment":[{"href":"https:\/\/signetpub.fr\/index.php\/wp-json\/wp\/v2\/media?parent=46"}],"curies":[{"name":"wp","href":"https:\/\/api.w.org\/{rel}","templated":true}]}}