{"id":45,"date":"2022-05-16T11:04:30","date_gmt":"2022-05-16T09:04:30","guid":{"rendered":"http:\/\/signetpub.fr\/?page_id=45"},"modified":"2023-05-25T18:47:50","modified_gmt":"2023-05-25T16:47:50","slug":"enseigne-publicitaire","status":"publish","type":"page","link":"https:\/\/signetpub.fr\/","title":{"rendered":"Accueil"},"content":{"rendered":"\n<div class=\"wp-block-cover alignfull is-light hestia-clear-top-padding\" style=\"min-height:518px;aspect-ratio:unset;\"><span aria-hidden=\"true\" class=\"wp-block-cover__background has-white-background-color has-background-dim-100 has-background-dim\"><\/span><div class=\"wp-block-cover__inner-container is-layout-flow wp-block-cover-is-layout-flow\">\n<h2 class=\"wp-block-heading has-text-align-center has-text-color\" style=\"color:#3c4858\">Pourquoi travailler avec nous ?<\/h2>\n\n\n\n<div style=\"height:40px\" aria-hidden=\"true\" class=\"wp-block-spacer\"><\/div>\n\n\n\n<div class=\"wp-block-columns container is-layout-flex wp-container-core-columns-is-layout-9d6595d7 wp-block-columns-is-layout-flex\">\n<div class=\"wp-block-column is-layout-flow wp-block-column-is-layout-flow\"><div class=\"wp-block-image is-style-default\">\n<figure class=\"aligncenter size-full is-resized\"><img loading=\"lazy\" decoding=\"async\" src=\"http:\/\/signetpub.fr\/wp-content\/uploads\/2022\/05\/B86DC093-F64F-43CF-8C1C-22A3080B4D4F.png\" alt=\"\" class=\"wp-image-153\" width=\"50\" height=\"50\" srcset=\"https:\/\/signetpub.fr\/wp-content\/uploads\/2022\/05\/B86DC093-F64F-43CF-8C1C-22A3080B4D4F.png 225w, https:\/\/signetpub.fr\/wp-content\/uploads\/2022\/05\/B86DC093-F64F-43CF-8C1C-22A3080B4D4F-150x150.png 150w\" sizes=\"auto, (max-width: 50px) 100vw, 50px\" \/><\/figure>\n<\/div>\n\n\n<h5 class=\"wp-block-heading has-text-align-center has-text-color\" style=\"color:#3c4858;font-size:18px\">A l\u2019\u00e9coute<\/h5>\n\n\n\n<p class=\"has-text-align-center has-text-color\" style=\"color:#999999;font-size:14px\">Notre \u00e9quipe est \u00e0 votre \u00e9coute pour r\u00e9pondre \u00e0 toutes vos demandes. Nous nous effor\u00e7ons d&rsquo;\u00eatre irr\u00e9prochables en mati\u00e8re de qualit\u00e9 de service et de produit. Nous d\u00e9veloppons un savoir-faire sur mesure pour accompagner nos clients.<\/p>\n\n\n\n<div style=\"height:25px\" aria-hidden=\"true\" class=\"wp-block-spacer\"><\/div>\n<\/div>\n\n\n\n<div class=\"wp-block-column is-layout-flow wp-block-column-is-layout-flow\"><div class=\"wp-block-image\">\n<figure class=\"aligncenter size-full is-resized\"><img loading=\"lazy\" decoding=\"async\" src=\"http:\/\/signetpub.fr\/wp-content\/uploads\/2022\/05\/E80DE836-E8EE-459E-A805-68ECF28E68EF.png\" alt=\"\" class=\"wp-image-154\" width=\"50\" height=\"50\" srcset=\"https:\/\/signetpub.fr\/wp-content\/uploads\/2022\/05\/E80DE836-E8EE-459E-A805-68ECF28E68EF.png 200w, https:\/\/signetpub.fr\/wp-content\/uploads\/2022\/05\/E80DE836-E8EE-459E-A805-68ECF28E68EF-150x150.png 150w\" sizes=\"auto, (max-width: 50px) 100vw, 50px\" \/><\/figure>\n<\/div>\n\n\n<h5 class=\"wp-block-heading has-text-align-center has-text-color\" style=\"color:#3c4858;font-size:18px\">Conseil<\/h5>\n\n\n\n<p class=\"has-text-align-center has-text-color\" style=\"color:#999999;font-size:14px\">Nous faisons de notre mieux pour conseiller notre client\u00e8le et pour satisfaire votre besoin. Notre \u00e9quipe est pr\u00e9sente tout au long de votre projet !<\/p>\n\n\n\n<div style=\"height:25px\" aria-hidden=\"true\" class=\"wp-block-spacer\"><\/div>\n<\/div>\n\n\n\n<div class=\"wp-block-column is-layout-flow wp-block-column-is-layout-flow\"><div class=\"wp-block-image\">\n<figure class=\"aligncenter size-full is-resized\"><img loading=\"lazy\" decoding=\"async\" src=\"http:\/\/signetpub.fr\/wp-content\/uploads\/2022\/05\/AE26497A-5254-48C3-983F-1D770581D646.png\" alt=\"\" class=\"wp-image-166\" width=\"50\" height=\"50\" srcset=\"https:\/\/signetpub.fr\/wp-content\/uploads\/2022\/05\/AE26497A-5254-48C3-983F-1D770581D646.png 225w, https:\/\/signetpub.fr\/wp-content\/uploads\/2022\/05\/AE26497A-5254-48C3-983F-1D770581D646-150x150.png 150w\" sizes=\"auto, (max-width: 50px) 100vw, 50px\" \/><\/figure>\n<\/div>\n\n\n<h5 class=\"wp-block-heading has-text-align-center has-text-color\" style=\"color:#3c4858;font-size:18px\">D\u00e9placement<\/h5>\n\n\n\n<p class=\"has-text-align-center has-text-color\" style=\"color:#999999;font-size:14px\">Nous nous d\u00e9pla\u00e7ons jusqu&rsquo;\u00e0 votre entreprise pour prendre les mesures et toutes les informations n\u00e9cessaires dont nous avons besoin pour la r\u00e9alisation de votre enseigne.<\/p>\n\n\n\n<div style=\"height:25px\" aria-hidden=\"true\" class=\"wp-block-spacer\"><\/div>\n<\/div>\n<\/div>\n<\/div><\/div>\n\n\n\n<div class=\"wp-block-columns container is-layout-flex wp-container-core-columns-is-layout-9d6595d7 wp-block-columns-is-layout-flex\">\n<div class=\"wp-block-column col-md-5 is-layout-flow wp-block-column-is-layout-flow\">\n<h2 class=\"wp-block-heading has-text-align-center\">Fabrication et installation de vos enseignes  <\/h2>\n\n\n\n<p class=\"has-text-align-center\">Voici un avant go\u00fbt de notre travail !<\/p>\n<\/div>\n<\/div>\n\n\n\n<figure class=\"wp-block-gallery has-nested-images columns-default is-cropped wp-block-gallery-1 is-layout-flex wp-block-gallery-is-layout-flex\">\n<figure class=\"wp-block-image size-large\"><img loading=\"lazy\" decoding=\"async\" width=\"828\" height=\"822\" data-id=\"102\" src=\"http:\/\/signetpub.fr\/wp-content\/uploads\/2022\/05\/IMG_2772-1.jpg\" alt=\"\" class=\"wp-image-102\" srcset=\"https:\/\/signetpub.fr\/wp-content\/uploads\/2022\/05\/IMG_2772-1.jpg 828w, https:\/\/signetpub.fr\/wp-content\/uploads\/2022\/05\/IMG_2772-1-300x298.jpg 300w, https:\/\/signetpub.fr\/wp-content\/uploads\/2022\/05\/IMG_2772-1-150x150.jpg 150w, https:\/\/signetpub.fr\/wp-content\/uploads\/2022\/05\/IMG_2772-1-768x762.jpg 768w\" sizes=\"auto, (max-width: 828px) 100vw, 828px\" \/><\/figure>\n\n\n\n<figure class=\"wp-block-image size-large\"><img loading=\"lazy\" decoding=\"async\" width=\"828\" height=\"828\" data-id=\"104\" src=\"http:\/\/signetpub.fr\/wp-content\/uploads\/2022\/05\/IMG_2773-1.jpg\" alt=\"\" class=\"wp-image-104\" srcset=\"https:\/\/signetpub.fr\/wp-content\/uploads\/2022\/05\/IMG_2773-1.jpg 828w, https:\/\/signetpub.fr\/wp-content\/uploads\/2022\/05\/IMG_2773-1-300x300.jpg 300w, https:\/\/signetpub.fr\/wp-content\/uploads\/2022\/05\/IMG_2773-1-150x150.jpg 150w, https:\/\/signetpub.fr\/wp-content\/uploads\/2022\/05\/IMG_2773-1-768x768.jpg 768w\" sizes=\"auto, (max-width: 828px) 100vw, 828px\" \/><\/figure>\n\n\n\n<figure class=\"wp-block-image size-large\"><img loading=\"lazy\" decoding=\"async\" width=\"828\" height=\"828\" data-id=\"105\" src=\"http:\/\/signetpub.fr\/wp-content\/uploads\/2022\/05\/IMG_2774.jpg\" alt=\"\" class=\"wp-image-105\" srcset=\"https:\/\/signetpub.fr\/wp-content\/uploads\/2022\/05\/IMG_2774.jpg 828w, https:\/\/signetpub.fr\/wp-content\/uploads\/2022\/05\/IMG_2774-300x300.jpg 300w, https:\/\/signetpub.fr\/wp-content\/uploads\/2022\/05\/IMG_2774-150x150.jpg 150w, https:\/\/signetpub.fr\/wp-content\/uploads\/2022\/05\/IMG_2774-768x768.jpg 768w\" sizes=\"auto, (max-width: 828px) 100vw, 828px\" \/><\/figure>\n\n\n\n<figure class=\"wp-block-image size-full\"><img loading=\"lazy\" decoding=\"async\" width=\"828\" height=\"811\" data-id=\"448\" src=\"https:\/\/signetpub.fr\/wp-content\/uploads\/2022\/05\/2-edited.jpg\" alt=\"\" class=\"wp-image-448\" srcset=\"https:\/\/signetpub.fr\/wp-content\/uploads\/2022\/05\/2-edited.jpg 828w, https:\/\/signetpub.fr\/wp-content\/uploads\/2022\/05\/2-edited-300x294.jpg 300w, https:\/\/signetpub.fr\/wp-content\/uploads\/2022\/05\/2-edited-768x752.jpg 768w\" sizes=\"auto, (max-width: 828px) 100vw, 828px\" \/><\/figure>\n\n\n\n<figure class=\"wp-block-image size-full\"><img loading=\"lazy\" decoding=\"async\" width=\"690\" height=\"638\" data-id=\"456\" src=\"https:\/\/signetpub.fr\/wp-content\/uploads\/2022\/05\/4-2.jpg\" alt=\"\" class=\"wp-image-456\" srcset=\"https:\/\/signetpub.fr\/wp-content\/uploads\/2022\/05\/4-2.jpg 690w, https:\/\/signetpub.fr\/wp-content\/uploads\/2022\/05\/4-2-300x277.jpg 300w\" sizes=\"auto, (max-width: 690px) 100vw, 690px\" \/><\/figure>\n\n\n\n<figure class=\"wp-block-image size-full\"><img loading=\"lazy\" decoding=\"async\" width=\"828\" height=\"817\" data-id=\"446\" src=\"https:\/\/signetpub.fr\/wp-content\/uploads\/2022\/05\/1.jpg\" alt=\"\" class=\"wp-image-446\" srcset=\"https:\/\/signetpub.fr\/wp-content\/uploads\/2022\/05\/1.jpg 828w, https:\/\/signetpub.fr\/wp-content\/uploads\/2022\/05\/1-300x296.jpg 300w, https:\/\/signetpub.fr\/wp-content\/uploads\/2022\/05\/1-768x758.jpg 768w\" sizes=\"auto, (max-width: 828px) 100vw, 828px\" \/><\/figure>\n\n\n\n<figure class=\"wp-block-image size-full\"><img loading=\"lazy\" decoding=\"async\" width=\"828\" height=\"830\" data-id=\"450\" src=\"https:\/\/signetpub.fr\/wp-content\/uploads\/2022\/05\/3.jpg\" alt=\"\" class=\"wp-image-450\" srcset=\"https:\/\/signetpub.fr\/wp-content\/uploads\/2022\/05\/3.jpg 828w, https:\/\/signetpub.fr\/wp-content\/uploads\/2022\/05\/3-300x300.jpg 300w, https:\/\/signetpub.fr\/wp-content\/uploads\/2022\/05\/3-150x150.jpg 150w, https:\/\/signetpub.fr\/wp-content\/uploads\/2022\/05\/3-768x770.jpg 768w\" sizes=\"auto, (max-width: 828px) 100vw, 828px\" \/><\/figure>\n\n\n\n<figure class=\"wp-block-image size-large\"><img loading=\"lazy\" decoding=\"async\" width=\"828\" height=\"825\" data-id=\"110\" src=\"http:\/\/signetpub.fr\/wp-content\/uploads\/2022\/05\/IMG_2781.jpg\" alt=\"\" class=\"wp-image-110\" srcset=\"https:\/\/signetpub.fr\/wp-content\/uploads\/2022\/05\/IMG_2781.jpg 828w, https:\/\/signetpub.fr\/wp-content\/uploads\/2022\/05\/IMG_2781-300x300.jpg 300w, https:\/\/signetpub.fr\/wp-content\/uploads\/2022\/05\/IMG_2781-150x150.jpg 150w, https:\/\/signetpub.fr\/wp-content\/uploads\/2022\/05\/IMG_2781-768x765.jpg 768w\" sizes=\"auto, (max-width: 828px) 100vw, 828px\" \/><\/figure>\n\n\n\n<figure class=\"wp-block-image size-large\"><img loading=\"lazy\" decoding=\"async\" width=\"828\" height=\"824\" data-id=\"111\" src=\"http:\/\/signetpub.fr\/wp-content\/uploads\/2022\/05\/IMG_2782.jpg\" alt=\"\" class=\"wp-image-111\" srcset=\"https:\/\/signetpub.fr\/wp-content\/uploads\/2022\/05\/IMG_2782.jpg 828w, https:\/\/signetpub.fr\/wp-content\/uploads\/2022\/05\/IMG_2782-300x300.jpg 300w, https:\/\/signetpub.fr\/wp-content\/uploads\/2022\/05\/IMG_2782-150x150.jpg 150w, https:\/\/signetpub.fr\/wp-content\/uploads\/2022\/05\/IMG_2782-768x764.jpg 768w\" sizes=\"auto, (max-width: 828px) 100vw, 828px\" \/><\/figure>\n<\/figure>\n","protected":false},"excerpt":{"rendered":"<p>Fabrication et installation de vos enseignes Voici un avant go\u00fbt de notre travail !<\/p>\n","protected":false},"author":1,"featured_media":0,"parent":0,"menu_order":0,"comment_status":"closed","ping_status":"closed","template":"","meta":{"footnotes":""},"class_list":["post-45","page","type-page","status-publish","hentry"],"yoast_head":"<!-- This site is optimized with the Yoast SEO plugin v27.4 - https:\/\/yoast.com\/product\/yoast-seo-wordpress\/ -->\n<title>Sp\u00e9cialiste de l&#039;enseigne - SIGN &amp; PUB - Installateur et fabricant<\/title>\n<meta name=\"description\" content=\"De nombreux choix sur les enseignes lumineuses avec SIGN&amp;PUB et de tr\u00e8s bonne qualit\u00e9 avec des prix abordables. Une \u00e9quipe \u00e0 votre \u00e9coute.\" \/>\n<meta name=\"robots\" content=\"index, follow, max-snippet:-1, max-image-preview:large, max-video-preview:-1\" \/>\n<link rel=\"canonical\" href=\"https:\/\/signetpub.fr\/\" \/>\n<meta property=\"og:locale\" content=\"fr_FR\" \/>\n<meta property=\"og:type\" content=\"article\" \/>\n<meta property=\"og:title\" content=\"Sp\u00e9cialiste de l&#039;enseigne - SIGN &amp; PUB - Installateur et fabricant\" \/>\n<meta property=\"og:description\" content=\"De nombreux choix sur les enseignes lumineuses avec SIGN&amp;PUB et de tr\u00e8s bonne qualit\u00e9 avec des prix abordables. Une \u00e9quipe \u00e0 votre \u00e9coute.\" \/>\n<meta property=\"og:url\" content=\"https:\/\/signetpub.fr\/\" \/>\n<meta property=\"og:site_name\" content=\"SIGN &amp; PUB\" \/>\n<meta property=\"article:modified_time\" content=\"2023-05-25T16:47:50+00:00\" \/>\n<meta property=\"og:image\" content=\"http:\/\/signetpub.fr\/wp-content\/uploads\/2022\/05\/B86DC093-F64F-43CF-8C1C-22A3080B4D4F.png\" \/>\n<meta name=\"twitter:card\" content=\"summary_large_image\" \/>\n<meta name=\"twitter:label1\" content=\"Dur\u00e9e de lecture estim\u00e9e\" \/>\n\t<meta name=\"twitter:data1\" content=\"3 minutes\" \/>\n<script type=\"application\/ld+json\" class=\"yoast-schema-graph\">{\"@context\":\"https:\\\/\\\/schema.org\",\"@graph\":[{\"@type\":\"WebPage\",\"@id\":\"https:\\\/\\\/signetpub.fr\\\/\",\"url\":\"https:\\\/\\\/signetpub.fr\\\/\",\"name\":\"Sp\u00e9cialiste de l'enseigne - SIGN &amp; PUB - Installateur et fabricant\",\"isPartOf\":{\"@id\":\"https:\\\/\\\/signetpub.fr\\\/#website\"},\"primaryImageOfPage\":{\"@id\":\"https:\\\/\\\/signetpub.fr\\\/#primaryimage\"},\"image\":{\"@id\":\"https:\\\/\\\/signetpub.fr\\\/#primaryimage\"},\"thumbnailUrl\":\"http:\\\/\\\/signetpub.fr\\\/wp-content\\\/uploads\\\/2022\\\/05\\\/B86DC093-F64F-43CF-8C1C-22A3080B4D4F.png\",\"datePublished\":\"2022-05-16T09:04:30+00:00\",\"dateModified\":\"2023-05-25T16:47:50+00:00\",\"description\":\"De nombreux choix sur les enseignes lumineuses avec SIGN&PUB et de tr\u00e8s bonne qualit\u00e9 avec des prix abordables. Une \u00e9quipe \u00e0 votre \u00e9coute.\",\"breadcrumb\":{\"@id\":\"https:\\\/\\\/signetpub.fr\\\/#breadcrumb\"},\"inLanguage\":\"fr-FR\",\"potentialAction\":[{\"@type\":\"ReadAction\",\"target\":[\"https:\\\/\\\/signetpub.fr\\\/\"]}]},{\"@type\":\"ImageObject\",\"inLanguage\":\"fr-FR\",\"@id\":\"https:\\\/\\\/signetpub.fr\\\/#primaryimage\",\"url\":\"https:\\\/\\\/signetpub.fr\\\/wp-content\\\/uploads\\\/2022\\\/05\\\/B86DC093-F64F-43CF-8C1C-22A3080B4D4F.png\",\"contentUrl\":\"https:\\\/\\\/signetpub.fr\\\/wp-content\\\/uploads\\\/2022\\\/05\\\/B86DC093-F64F-43CF-8C1C-22A3080B4D4F.png\",\"width\":225,\"height\":224},{\"@type\":\"BreadcrumbList\",\"@id\":\"https:\\\/\\\/signetpub.fr\\\/#breadcrumb\",\"itemListElement\":[{\"@type\":\"ListItem\",\"position\":1,\"name\":\"Accueil\",\"item\":\"https:\\\/\\\/signetpub.fr\\\/\"},{\"@type\":\"ListItem\",\"position\":2,\"name\":\"Accueil\"}]},{\"@type\":\"WebSite\",\"@id\":\"https:\\\/\\\/signetpub.fr\\\/#website\",\"url\":\"https:\\\/\\\/signetpub.fr\\\/\",\"name\":\"SIGN &amp; PUB\",\"description\":\"Fabricant et installateur d&#039;enseigne\",\"publisher\":{\"@id\":\"https:\\\/\\\/signetpub.fr\\\/#organization\"},\"potentialAction\":[{\"@type\":\"SearchAction\",\"target\":{\"@type\":\"EntryPoint\",\"urlTemplate\":\"https:\\\/\\\/signetpub.fr\\\/?s={search_term_string}\"},\"query-input\":{\"@type\":\"PropertyValueSpecification\",\"valueRequired\":true,\"valueName\":\"search_term_string\"}}],\"inLanguage\":\"fr-FR\"},{\"@type\":\"Organization\",\"@id\":\"https:\\\/\\\/signetpub.fr\\\/#organization\",\"name\":\"SIGN & PUB\",\"url\":\"https:\\\/\\\/signetpub.fr\\\/\",\"logo\":{\"@type\":\"ImageObject\",\"inLanguage\":\"fr-FR\",\"@id\":\"https:\\\/\\\/signetpub.fr\\\/#\\\/schema\\\/logo\\\/image\\\/\",\"url\":\"http:\\\/\\\/signetpub.fr\\\/wp-content\\\/uploads\\\/2022\\\/05\\\/cropped-signetpub-1.jpg\",\"contentUrl\":\"http:\\\/\\\/signetpub.fr\\\/wp-content\\\/uploads\\\/2022\\\/05\\\/cropped-signetpub-1.jpg\",\"width\":828,\"height\":820,\"caption\":\"SIGN & PUB\"},\"image\":{\"@id\":\"https:\\\/\\\/signetpub.fr\\\/#\\\/schema\\\/logo\\\/image\\\/\"},\"sameAs\":[\"https:\\\/\\\/www.instagram.com\\\/accounts\\\/login\\\/?next=signetpub\",\"https:\\\/\\\/www.linkedin.com\\\/in\\\/ibrahim-abdeloifi-3ba416231\\\/\"]}]}<\/script>\n<!-- \/ Yoast SEO plugin. -->","yoast_head_json":{"title":"Sp\u00e9cialiste de l'enseigne - SIGN &amp; PUB - Installateur et fabricant","description":"De nombreux choix sur les enseignes lumineuses avec SIGN&PUB et de tr\u00e8s bonne qualit\u00e9 avec des prix abordables. Une \u00e9quipe \u00e0 votre \u00e9coute.","robots":{"index":"index","follow":"follow","max-snippet":"max-snippet:-1","max-image-preview":"max-image-preview:large","max-video-preview":"max-video-preview:-1"},"canonical":"https:\/\/signetpub.fr\/","og_locale":"fr_FR","og_type":"article","og_title":"Sp\u00e9cialiste de l'enseigne - SIGN &amp; PUB - Installateur et fabricant","og_description":"De nombreux choix sur les enseignes lumineuses avec SIGN&PUB et de tr\u00e8s bonne qualit\u00e9 avec des prix abordables. Une \u00e9quipe \u00e0 votre \u00e9coute.","og_url":"https:\/\/signetpub.fr\/","og_site_name":"SIGN &amp; PUB","article_modified_time":"2023-05-25T16:47:50+00:00","og_image":[{"url":"http:\/\/signetpub.fr\/wp-content\/uploads\/2022\/05\/B86DC093-F64F-43CF-8C1C-22A3080B4D4F.png","type":"","width":"","height":""}],"twitter_card":"summary_large_image","twitter_misc":{"Dur\u00e9e de lecture estim\u00e9e":"3 minutes"},"schema":{"@context":"https:\/\/schema.org","@graph":[{"@type":"WebPage","@id":"https:\/\/signetpub.fr\/","url":"https:\/\/signetpub.fr\/","name":"Sp\u00e9cialiste de l'enseigne - SIGN &amp; PUB - Installateur et fabricant","isPartOf":{"@id":"https:\/\/signetpub.fr\/#website"},"primaryImageOfPage":{"@id":"https:\/\/signetpub.fr\/#primaryimage"},"image":{"@id":"https:\/\/signetpub.fr\/#primaryimage"},"thumbnailUrl":"http:\/\/signetpub.fr\/wp-content\/uploads\/2022\/05\/B86DC093-F64F-43CF-8C1C-22A3080B4D4F.png","datePublished":"2022-05-16T09:04:30+00:00","dateModified":"2023-05-25T16:47:50+00:00","description":"De nombreux choix sur les enseignes lumineuses avec SIGN&PUB et de tr\u00e8s bonne qualit\u00e9 avec des prix abordables. Une \u00e9quipe \u00e0 votre \u00e9coute.","breadcrumb":{"@id":"https:\/\/signetpub.fr\/#breadcrumb"},"inLanguage":"fr-FR","potentialAction":[{"@type":"ReadAction","target":["https:\/\/signetpub.fr\/"]}]},{"@type":"ImageObject","inLanguage":"fr-FR","@id":"https:\/\/signetpub.fr\/#primaryimage","url":"https:\/\/signetpub.fr\/wp-content\/uploads\/2022\/05\/B86DC093-F64F-43CF-8C1C-22A3080B4D4F.png","contentUrl":"https:\/\/signetpub.fr\/wp-content\/uploads\/2022\/05\/B86DC093-F64F-43CF-8C1C-22A3080B4D4F.png","width":225,"height":224},{"@type":"BreadcrumbList","@id":"https:\/\/signetpub.fr\/#breadcrumb","itemListElement":[{"@type":"ListItem","position":1,"name":"Accueil","item":"https:\/\/signetpub.fr\/"},{"@type":"ListItem","position":2,"name":"Accueil"}]},{"@type":"WebSite","@id":"https:\/\/signetpub.fr\/#website","url":"https:\/\/signetpub.fr\/","name":"SIGN &amp; PUB","description":"Fabricant et installateur d&#039;enseigne","publisher":{"@id":"https:\/\/signetpub.fr\/#organization"},"potentialAction":[{"@type":"SearchAction","target":{"@type":"EntryPoint","urlTemplate":"https:\/\/signetpub.fr\/?s={search_term_string}"},"query-input":{"@type":"PropertyValueSpecification","valueRequired":true,"valueName":"search_term_string"}}],"inLanguage":"fr-FR"},{"@type":"Organization","@id":"https:\/\/signetpub.fr\/#organization","name":"SIGN & PUB","url":"https:\/\/signetpub.fr\/","logo":{"@type":"ImageObject","inLanguage":"fr-FR","@id":"https:\/\/signetpub.fr\/#\/schema\/logo\/image\/","url":"http:\/\/signetpub.fr\/wp-content\/uploads\/2022\/05\/cropped-signetpub-1.jpg","contentUrl":"http:\/\/signetpub.fr\/wp-content\/uploads\/2022\/05\/cropped-signetpub-1.jpg","width":828,"height":820,"caption":"SIGN & PUB"},"image":{"@id":"https:\/\/signetpub.fr\/#\/schema\/logo\/image\/"},"sameAs":["https:\/\/www.instagram.com\/accounts\/login\/?next=signetpub","https:\/\/www.linkedin.com\/in\/ibrahim-abdeloifi-3ba416231\/"]}]}},"_links":{"self":[{"href":"https:\/\/signetpub.fr\/index.php\/wp-json\/wp\/v2\/pages\/45","targetHints":{"allow":["GET"]}}],"collection":[{"href":"https:\/\/signetpub.fr\/index.php\/wp-json\/wp\/v2\/pages"}],"about":[{"href":"https:\/\/signetpub.fr\/index.php\/wp-json\/wp\/v2\/types\/page"}],"author":[{"embeddable":true,"href":"https:\/\/signetpub.fr\/index.php\/wp-json\/wp\/v2\/users\/1"}],"replies":[{"embeddable":true,"href":"https:\/\/signetpub.fr\/index.php\/wp-json\/wp\/v2\/comments?post=45"}],"version-history":[{"count":25,"href":"https:\/\/signetpub.fr\/index.php\/wp-json\/wp\/v2\/pages\/45\/revisions"}],"predecessor-version":[{"id":1064,"href":"https:\/\/signetpub.fr\/index.php\/wp-json\/wp\/v2\/pages\/45\/revisions\/1064"}],"wp:attachment":[{"href":"https:\/\/signetpub.fr\/index.php\/wp-json\/wp\/v2\/media?parent=45"}],"curies":[{"name":"wp","href":"https:\/\/api.w.org\/{rel}","templated":true}]}}