{"id":140,"date":"2022-05-16T14:38:35","date_gmt":"2022-05-16T12:38:35","guid":{"rendered":"http:\/\/signetpub.fr\/?page_id=140"},"modified":"2023-02-08T12:40:57","modified_gmt":"2023-02-08T11:40:57","slug":"enseigne-exterieure-publicitaire","status":"publish","type":"page","link":"https:\/\/signetpub.fr\/index.php\/enseigne-exterieure-publicitaire\/","title":{"rendered":"Nos r\u00e9alisations"},"content":{"rendered":"\n<div class=\"wp-block-group\"><div class=\"wp-block-group__inner-container is-layout-flow wp-block-group-is-layout-flow\"><\/div><\/div>\n\n\n\n<p class=\"has-text-align-center has-text-color has-medium-font-size\" style=\"color:#f7a000\"><strong>Sp\u00e9cialiste en fabrication d&rsquo;enseigne<\/strong><\/p>\n\n\n\n<p class=\"has-text-align-center has-text-color\" style=\"color:#f7a000\">_<strong>________________________________<\/strong><\/p>\n\n\n\n<div style=\"height:24px\" aria-hidden=\"true\" class=\"wp-block-spacer\"><\/div>\n\n\n<div class=\"wp-block-image is-style-rounded\">\n<figure class=\"alignleft size-large is-resized\"><img loading=\"lazy\" decoding=\"async\" src=\"https:\/\/signetpub.fr\/wp-content\/uploads\/2022\/05\/Rose-et-Beige-Fleurs-Moderne-Artisan-Entreprise-X-Frame-Banniere-1-3-1024x512.png\" alt=\"\" class=\"wp-image-439\" width=\"256\" height=\"128\" srcset=\"https:\/\/signetpub.fr\/wp-content\/uploads\/2022\/05\/Rose-et-Beige-Fleurs-Moderne-Artisan-Entreprise-X-Frame-Banniere-1-3-1024x512.png 1024w, https:\/\/signetpub.fr\/wp-content\/uploads\/2022\/05\/Rose-et-Beige-Fleurs-Moderne-Artisan-Entreprise-X-Frame-Banniere-1-3-300x150.png 300w, https:\/\/signetpub.fr\/wp-content\/uploads\/2022\/05\/Rose-et-Beige-Fleurs-Moderne-Artisan-Entreprise-X-Frame-Banniere-1-3-768x384.png 768w, https:\/\/signetpub.fr\/wp-content\/uploads\/2022\/05\/Rose-et-Beige-Fleurs-Moderne-Artisan-Entreprise-X-Frame-Banniere-1-3-1536x768.png 1536w, https:\/\/signetpub.fr\/wp-content\/uploads\/2022\/05\/Rose-et-Beige-Fleurs-Moderne-Artisan-Entreprise-X-Frame-Banniere-1-3-2048x1024.png 2048w\" sizes=\"auto, (max-width: 256px) 100vw, 256px\" \/><\/figure>\n<\/div>\n\n\n<p class=\"has-text-align-center\">Venez d\u00e9couvrir quelqu&rsquo;une de nos r\u00e9alisations. Nos clients nous font confiance que \u00e7a soit pour les enseignes ext\u00e9rieures et int\u00e9rieures, les signal\u00e9tiques,  totem, flocage de v\u00e9hicule ou encore de la publicit\u00e9 tel que les flyers, banderoles, cartes de visite et badge. <\/p>\n\n\n\n<div style=\"height:43px\" aria-hidden=\"true\" class=\"wp-block-spacer\"><\/div>\n\n\n\n<p class=\"has-text-align-center has-text-color\" style=\"color:#f7a000\"><strong>Enseigne ext\u00e9rieures et int\u00e9rieures<\/strong><\/p>\n\n\n\n<p class=\"has-text-align-center has-text-color\" style=\"color:#f7a000\"><strong>_________________________________<\/strong><\/p>\n\n\n\n<figure class=\"wp-block-gallery has-nested-images columns-default is-cropped wp-block-gallery-1 is-layout-flex wp-block-gallery-is-layout-flex\">\n<figure class=\"wp-block-image size-large\"><img loading=\"lazy\" decoding=\"async\" width=\"828\" height=\"833\" data-id=\"379\" src=\"https:\/\/signetpub.fr\/wp-content\/uploads\/2022\/05\/A.jpg\" alt=\"\" class=\"wp-image-379\" srcset=\"https:\/\/signetpub.fr\/wp-content\/uploads\/2022\/05\/A.jpg 828w, https:\/\/signetpub.fr\/wp-content\/uploads\/2022\/05\/A-298x300.jpg 298w, https:\/\/signetpub.fr\/wp-content\/uploads\/2022\/05\/A-150x150.jpg 150w, https:\/\/signetpub.fr\/wp-content\/uploads\/2022\/05\/A-768x773.jpg 768w\" sizes=\"auto, (max-width: 828px) 100vw, 828px\" \/><\/figure>\n\n\n\n<figure class=\"wp-block-image size-large\"><img loading=\"lazy\" decoding=\"async\" width=\"828\" height=\"677\" data-id=\"376\" src=\"https:\/\/signetpub.fr\/wp-content\/uploads\/2022\/05\/B.jpg\" alt=\"\" class=\"wp-image-376\" srcset=\"https:\/\/signetpub.fr\/wp-content\/uploads\/2022\/05\/B.jpg 828w, https:\/\/signetpub.fr\/wp-content\/uploads\/2022\/05\/B-300x245.jpg 300w, https:\/\/signetpub.fr\/wp-content\/uploads\/2022\/05\/B-768x628.jpg 768w\" sizes=\"auto, (max-width: 828px) 100vw, 828px\" \/><\/figure>\n\n\n\n<figure class=\"wp-block-image size-large\"><img loading=\"lazy\" decoding=\"async\" width=\"828\" height=\"949\" data-id=\"378\" src=\"https:\/\/signetpub.fr\/wp-content\/uploads\/2022\/05\/C.jpg\" alt=\"\" class=\"wp-image-378\" srcset=\"https:\/\/signetpub.fr\/wp-content\/uploads\/2022\/05\/C.jpg 828w, https:\/\/signetpub.fr\/wp-content\/uploads\/2022\/05\/C-262x300.jpg 262w, https:\/\/signetpub.fr\/wp-content\/uploads\/2022\/05\/C-768x880.jpg 768w\" sizes=\"auto, (max-width: 828px) 100vw, 828px\" \/><\/figure>\n\n\n\n<figure class=\"wp-block-image size-large\"><img loading=\"lazy\" decoding=\"async\" width=\"828\" height=\"807\" data-id=\"377\" src=\"https:\/\/signetpub.fr\/wp-content\/uploads\/2022\/05\/D.jpg\" alt=\"\" class=\"wp-image-377\" srcset=\"https:\/\/signetpub.fr\/wp-content\/uploads\/2022\/05\/D.jpg 828w, https:\/\/signetpub.fr\/wp-content\/uploads\/2022\/05\/D-300x292.jpg 300w, https:\/\/signetpub.fr\/wp-content\/uploads\/2022\/05\/D-768x749.jpg 768w\" sizes=\"auto, (max-width: 828px) 100vw, 828px\" \/><\/figure>\n\n\n\n<figure class=\"wp-block-image size-full\"><img loading=\"lazy\" decoding=\"async\" width=\"828\" height=\"811\" data-id=\"409\" src=\"https:\/\/signetpub.fr\/wp-content\/uploads\/2022\/05\/v.jpg\" alt=\"\" class=\"wp-image-409\" srcset=\"https:\/\/signetpub.fr\/wp-content\/uploads\/2022\/05\/v.jpg 828w, https:\/\/signetpub.fr\/wp-content\/uploads\/2022\/05\/v-300x294.jpg 300w, https:\/\/signetpub.fr\/wp-content\/uploads\/2022\/05\/v-768x752.jpg 768w\" sizes=\"auto, (max-width: 828px) 100vw, 828px\" \/><\/figure>\n\n\n\n<figure class=\"wp-block-image size-full\"><img loading=\"lazy\" decoding=\"async\" width=\"828\" height=\"823\" data-id=\"410\" src=\"https:\/\/signetpub.fr\/wp-content\/uploads\/2022\/05\/v-1.jpg\" alt=\"\" class=\"wp-image-410\" srcset=\"https:\/\/signetpub.fr\/wp-content\/uploads\/2022\/05\/v-1.jpg 828w, https:\/\/signetpub.fr\/wp-content\/uploads\/2022\/05\/v-1-300x298.jpg 300w, https:\/\/signetpub.fr\/wp-content\/uploads\/2022\/05\/v-1-150x150.jpg 150w, https:\/\/signetpub.fr\/wp-content\/uploads\/2022\/05\/v-1-768x763.jpg 768w\" sizes=\"auto, (max-width: 828px) 100vw, 828px\" \/><\/figure>\n<\/figure>\n\n\n\n<div style=\"height:10px\" aria-hidden=\"true\" class=\"wp-block-spacer\"><\/div>\n\n\n\n<figure class=\"wp-block-gallery has-nested-images columns-default is-cropped wp-block-gallery-2 is-layout-flex wp-block-gallery-is-layout-flex\">\n<figure class=\"wp-block-image size-large\"><img loading=\"lazy\" decoding=\"async\" width=\"563\" height=\"557\" data-id=\"532\" src=\"https:\/\/signetpub.fr\/wp-content\/uploads\/2022\/05\/Capture10.png\" alt=\"\" class=\"wp-image-532\" srcset=\"https:\/\/signetpub.fr\/wp-content\/uploads\/2022\/05\/Capture10.png 563w, https:\/\/signetpub.fr\/wp-content\/uploads\/2022\/05\/Capture10-300x297.png 300w, https:\/\/signetpub.fr\/wp-content\/uploads\/2022\/05\/Capture10-24x24.png 24w, https:\/\/signetpub.fr\/wp-content\/uploads\/2022\/05\/Capture10-36x36.png 36w, https:\/\/signetpub.fr\/wp-content\/uploads\/2022\/05\/Capture10-48x48.png 48w\" sizes=\"auto, (max-width: 563px) 100vw, 563px\" \/><\/figure>\n\n\n\n<figure class=\"wp-block-image size-large\"><img loading=\"lazy\" decoding=\"async\" width=\"535\" height=\"538\" data-id=\"528\" src=\"https:\/\/signetpub.fr\/wp-content\/uploads\/2022\/05\/Capture9.png\" alt=\"\" class=\"wp-image-528\" srcset=\"https:\/\/signetpub.fr\/wp-content\/uploads\/2022\/05\/Capture9.png 535w, https:\/\/signetpub.fr\/wp-content\/uploads\/2022\/05\/Capture9-298x300.png 298w, https:\/\/signetpub.fr\/wp-content\/uploads\/2022\/05\/Capture9-150x150.png 150w, https:\/\/signetpub.fr\/wp-content\/uploads\/2022\/05\/Capture9-24x24.png 24w, https:\/\/signetpub.fr\/wp-content\/uploads\/2022\/05\/Capture9-36x36.png 36w, https:\/\/signetpub.fr\/wp-content\/uploads\/2022\/05\/Capture9-48x48.png 48w\" sizes=\"auto, (max-width: 535px) 100vw, 535px\" \/><\/figure>\n\n\n\n<figure class=\"wp-block-image size-large\"><img loading=\"lazy\" decoding=\"async\" width=\"553\" height=\"314\" data-id=\"527\" src=\"https:\/\/signetpub.fr\/wp-content\/uploads\/2022\/05\/Capture8.png\" alt=\"\" class=\"wp-image-527\" srcset=\"https:\/\/signetpub.fr\/wp-content\/uploads\/2022\/05\/Capture8.png 553w, https:\/\/signetpub.fr\/wp-content\/uploads\/2022\/05\/Capture8-300x170.png 300w, https:\/\/signetpub.fr\/wp-content\/uploads\/2022\/05\/Capture8-24x14.png 24w, https:\/\/signetpub.fr\/wp-content\/uploads\/2022\/05\/Capture8-36x20.png 36w, https:\/\/signetpub.fr\/wp-content\/uploads\/2022\/05\/Capture8-48x27.png 48w\" sizes=\"auto, (max-width: 553px) 100vw, 553px\" \/><\/figure>\n\n\n\n<figure class=\"wp-block-image size-large\"><img loading=\"lazy\" decoding=\"async\" width=\"612\" height=\"484\" data-id=\"529\" src=\"https:\/\/signetpub.fr\/wp-content\/uploads\/2022\/05\/Capture7.png\" alt=\"\" class=\"wp-image-529\" srcset=\"https:\/\/signetpub.fr\/wp-content\/uploads\/2022\/05\/Capture7.png 612w, https:\/\/signetpub.fr\/wp-content\/uploads\/2022\/05\/Capture7-300x237.png 300w, https:\/\/signetpub.fr\/wp-content\/uploads\/2022\/05\/Capture7-24x19.png 24w, https:\/\/signetpub.fr\/wp-content\/uploads\/2022\/05\/Capture7-36x28.png 36w, https:\/\/signetpub.fr\/wp-content\/uploads\/2022\/05\/Capture7-48x38.png 48w\" sizes=\"auto, (max-width: 612px) 100vw, 612px\" \/><\/figure>\n\n\n\n<figure class=\"wp-block-image size-full\"><img loading=\"lazy\" decoding=\"async\" width=\"569\" height=\"581\" data-id=\"537\" src=\"https:\/\/signetpub.fr\/wp-content\/uploads\/2022\/05\/^^.png\" alt=\"\" class=\"wp-image-537\" srcset=\"https:\/\/signetpub.fr\/wp-content\/uploads\/2022\/05\/^^.png 569w, https:\/\/signetpub.fr\/wp-content\/uploads\/2022\/05\/^^-294x300.png 294w, https:\/\/signetpub.fr\/wp-content\/uploads\/2022\/05\/^^-24x24.png 24w, https:\/\/signetpub.fr\/wp-content\/uploads\/2022\/05\/^^-36x36.png 36w, https:\/\/signetpub.fr\/wp-content\/uploads\/2022\/05\/^^-48x48.png 48w\" sizes=\"auto, (max-width: 569px) 100vw, 569px\" \/><\/figure>\n\n\n\n<figure class=\"wp-block-image size-large\"><img loading=\"lazy\" decoding=\"async\" width=\"508\" height=\"519\" data-id=\"530\" src=\"https:\/\/signetpub.fr\/wp-content\/uploads\/2022\/05\/Capture4.png\" alt=\"\" class=\"wp-image-530\" srcset=\"https:\/\/signetpub.fr\/wp-content\/uploads\/2022\/05\/Capture4.png 508w, https:\/\/signetpub.fr\/wp-content\/uploads\/2022\/05\/Capture4-294x300.png 294w, https:\/\/signetpub.fr\/wp-content\/uploads\/2022\/05\/Capture4-24x24.png 24w, https:\/\/signetpub.fr\/wp-content\/uploads\/2022\/05\/Capture4-36x36.png 36w, https:\/\/signetpub.fr\/wp-content\/uploads\/2022\/05\/Capture4-48x48.png 48w\" sizes=\"auto, (max-width: 508px) 100vw, 508px\" \/><\/figure>\n\n\n\n<figure class=\"wp-block-image size-large\"><img loading=\"lazy\" decoding=\"async\" width=\"295\" height=\"292\" data-id=\"525\" src=\"https:\/\/signetpub.fr\/wp-content\/uploads\/2022\/05\/Capture2.png\" alt=\"\" class=\"wp-image-525\" srcset=\"https:\/\/signetpub.fr\/wp-content\/uploads\/2022\/05\/Capture2.png 295w, https:\/\/signetpub.fr\/wp-content\/uploads\/2022\/05\/Capture2-24x24.png 24w, https:\/\/signetpub.fr\/wp-content\/uploads\/2022\/05\/Capture2-36x36.png 36w, https:\/\/signetpub.fr\/wp-content\/uploads\/2022\/05\/Capture2-48x48.png 48w\" sizes=\"auto, (max-width: 295px) 100vw, 295px\" \/><\/figure>\n\n\n\n<figure class=\"wp-block-image size-large\"><img loading=\"lazy\" decoding=\"async\" width=\"296\" height=\"294\" data-id=\"524\" src=\"https:\/\/signetpub.fr\/wp-content\/uploads\/2022\/05\/Capture1.png\" alt=\"\" class=\"wp-image-524\" srcset=\"https:\/\/signetpub.fr\/wp-content\/uploads\/2022\/05\/Capture1.png 296w, https:\/\/signetpub.fr\/wp-content\/uploads\/2022\/05\/Capture1-150x150.png 150w, https:\/\/signetpub.fr\/wp-content\/uploads\/2022\/05\/Capture1-24x24.png 24w, https:\/\/signetpub.fr\/wp-content\/uploads\/2022\/05\/Capture1-36x36.png 36w, https:\/\/signetpub.fr\/wp-content\/uploads\/2022\/05\/Capture1-48x48.png 48w\" sizes=\"auto, (max-width: 296px) 100vw, 296px\" \/><\/figure>\n\n\n\n<figure class=\"wp-block-image size-large\"><img loading=\"lazy\" decoding=\"async\" width=\"295\" height=\"295\" data-id=\"526\" src=\"https:\/\/signetpub.fr\/wp-content\/uploads\/2022\/05\/Capture.png\" alt=\"\" class=\"wp-image-526\" srcset=\"https:\/\/signetpub.fr\/wp-content\/uploads\/2022\/05\/Capture.png 295w, https:\/\/signetpub.fr\/wp-content\/uploads\/2022\/05\/Capture-150x150.png 150w, https:\/\/signetpub.fr\/wp-content\/uploads\/2022\/05\/Capture-24x24.png 24w, https:\/\/signetpub.fr\/wp-content\/uploads\/2022\/05\/Capture-36x36.png 36w, https:\/\/signetpub.fr\/wp-content\/uploads\/2022\/05\/Capture-48x48.png 48w\" sizes=\"auto, (max-width: 295px) 100vw, 295px\" \/><\/figure>\n<\/figure>\n\n\n\n<div style=\"height:43px\" aria-hidden=\"true\" class=\"wp-block-spacer\"><\/div>\n\n\n\n<p class=\"has-text-align-center has-text-color\" style=\"color:#f7a000\"><strong>Flocage de v\u00e9hicule et totem<\/strong><\/p>\n\n\n\n<p class=\"has-text-align-center has-text-color\" style=\"color:#f7a000\"><strong>_________________________________<\/strong><\/p>\n\n\n<div class=\"wp-block-image\">\n<figure class=\"alignleft size-large is-resized\"><img loading=\"lazy\" decoding=\"async\" src=\"https:\/\/signetpub.fr\/wp-content\/uploads\/2022\/05\/t-4-1024x484.jpg\" alt=\"\" class=\"wp-image-545\" width=\"299\" height=\"141\" srcset=\"https:\/\/signetpub.fr\/wp-content\/uploads\/2022\/05\/t-4-1024x484.jpg 1024w, https:\/\/signetpub.fr\/wp-content\/uploads\/2022\/05\/t-4-300x142.jpg 300w, https:\/\/signetpub.fr\/wp-content\/uploads\/2022\/05\/t-4-768x363.jpg 768w, https:\/\/signetpub.fr\/wp-content\/uploads\/2022\/05\/t-4-1536x727.jpg 1536w, https:\/\/signetpub.fr\/wp-content\/uploads\/2022\/05\/t-4-24x11.jpg 24w, https:\/\/signetpub.fr\/wp-content\/uploads\/2022\/05\/t-4-36x17.jpg 36w, https:\/\/signetpub.fr\/wp-content\/uploads\/2022\/05\/t-4-48x23.jpg 48w, https:\/\/signetpub.fr\/wp-content\/uploads\/2022\/05\/t-4.jpg 1600w\" sizes=\"auto, (max-width: 299px) 100vw, 299px\" \/><\/figure>\n<\/div>\n\n<div class=\"wp-block-image\">\n<figure class=\"alignleft size-large is-resized\"><img loading=\"lazy\" decoding=\"async\" src=\"https:\/\/signetpub.fr\/wp-content\/uploads\/2022\/05\/totem-2-768x1024.jpg\" alt=\"\" class=\"wp-image-541\" width=\"214\" height=\"285\" srcset=\"https:\/\/signetpub.fr\/wp-content\/uploads\/2022\/05\/totem-2-768x1024.jpg 768w, https:\/\/signetpub.fr\/wp-content\/uploads\/2022\/05\/totem-2-225x300.jpg 225w, https:\/\/signetpub.fr\/wp-content\/uploads\/2022\/05\/totem-2-18x24.jpg 18w, https:\/\/signetpub.fr\/wp-content\/uploads\/2022\/05\/totem-2-27x36.jpg 27w, https:\/\/signetpub.fr\/wp-content\/uploads\/2022\/05\/totem-2-36x48.jpg 36w, https:\/\/signetpub.fr\/wp-content\/uploads\/2022\/05\/totem-2.jpg 960w\" sizes=\"auto, (max-width: 214px) 100vw, 214px\" \/><\/figure>\n<\/div>\n\n\n<div style=\"height:43px\" aria-hidden=\"true\" class=\"wp-block-spacer\"><\/div>\n","protected":false},"excerpt":{"rendered":"<p>Sp\u00e9cialiste en fabrication d&rsquo;enseigne _________________________________ Venez d\u00e9couvrir quelqu&rsquo;une de nos r\u00e9alisations. Nos clients nous font confiance que \u00e7a soit pour les enseignes ext\u00e9rieures et int\u00e9rieures, les signal\u00e9tiques, totem, flocage de v\u00e9hicule ou encore de la publicit\u00e9 tel que les flyers, banderoles, cartes de visite et badge. Enseigne ext\u00e9rieures et int\u00e9rieures [&hellip;]<\/p>\n","protected":false},"author":1,"featured_media":0,"parent":0,"menu_order":0,"comment_status":"closed","ping_status":"closed","template":"","meta":{"footnotes":""},"class_list":["post-140","page","type-page","status-publish","hentry"],"yoast_head":"<!-- This site is optimized with the Yoast SEO plugin v27.4 - https:\/\/yoast.com\/product\/yoast-seo-wordpress\/ -->\n<title>Nos r\u00e9alisations - sp\u00e9cialiste de l&#039;enseigne SIGN &amp; PUB<\/title>\n<meta name=\"description\" content=\"Nous proposons des enseigne sur-mesure et de tr\u00e8s bonne qualit\u00e9 avec des prix abordables pour votre activit\u00e9. Une \u00e9quipe \u00e0 votre \u00e9coute.\" \/>\n<meta name=\"robots\" content=\"index, follow, max-snippet:-1, max-image-preview:large, max-video-preview:-1\" \/>\n<link rel=\"canonical\" href=\"https:\/\/signetpub.fr\/index.php\/enseigne-exterieure-publicitaire\/\" \/>\n<meta property=\"og:locale\" content=\"fr_FR\" \/>\n<meta property=\"og:type\" content=\"article\" \/>\n<meta property=\"og:title\" content=\"Nos r\u00e9alisations - sp\u00e9cialiste de l&#039;enseigne SIGN &amp; PUB\" \/>\n<meta property=\"og:description\" content=\"Nous proposons des enseigne sur-mesure et de tr\u00e8s bonne qualit\u00e9 avec des prix abordables pour votre activit\u00e9. Une \u00e9quipe \u00e0 votre \u00e9coute.\" \/>\n<meta property=\"og:url\" content=\"https:\/\/signetpub.fr\/index.php\/enseigne-exterieure-publicitaire\/\" \/>\n<meta property=\"og:site_name\" content=\"SIGN &amp; PUB\" \/>\n<meta property=\"article:modified_time\" content=\"2023-02-08T11:40:57+00:00\" \/>\n<meta property=\"og:image\" content=\"https:\/\/signetpub.fr\/wp-content\/uploads\/2022\/05\/Rose-et-Beige-Fleurs-Moderne-Artisan-Entreprise-X-Frame-Banniere-1-3-1024x512.png\" \/>\n<meta name=\"twitter:card\" content=\"summary_large_image\" \/>\n<meta name=\"twitter:label1\" content=\"Dur\u00e9e de lecture estim\u00e9e\" \/>\n\t<meta name=\"twitter:data1\" content=\"4 minutes\" \/>\n<script type=\"application\/ld+json\" class=\"yoast-schema-graph\">{\"@context\":\"https:\\\/\\\/schema.org\",\"@graph\":[{\"@type\":\"WebPage\",\"@id\":\"https:\\\/\\\/signetpub.fr\\\/index.php\\\/enseigne-exterieure-publicitaire\\\/\",\"url\":\"https:\\\/\\\/signetpub.fr\\\/index.php\\\/enseigne-exterieure-publicitaire\\\/\",\"name\":\"Nos r\u00e9alisations - sp\u00e9cialiste de l'enseigne SIGN &amp; PUB\",\"isPartOf\":{\"@id\":\"https:\\\/\\\/signetpub.fr\\\/#website\"},\"primaryImageOfPage\":{\"@id\":\"https:\\\/\\\/signetpub.fr\\\/index.php\\\/enseigne-exterieure-publicitaire\\\/#primaryimage\"},\"image\":{\"@id\":\"https:\\\/\\\/signetpub.fr\\\/index.php\\\/enseigne-exterieure-publicitaire\\\/#primaryimage\"},\"thumbnailUrl\":\"https:\\\/\\\/signetpub.fr\\\/wp-content\\\/uploads\\\/2022\\\/05\\\/Rose-et-Beige-Fleurs-Moderne-Artisan-Entreprise-X-Frame-Banniere-1-3-1024x512.png\",\"datePublished\":\"2022-05-16T12:38:35+00:00\",\"dateModified\":\"2023-02-08T11:40:57+00:00\",\"description\":\"Nous proposons des enseigne sur-mesure et de tr\u00e8s bonne qualit\u00e9 avec des prix abordables pour votre activit\u00e9. Une \u00e9quipe \u00e0 votre \u00e9coute.\",\"breadcrumb\":{\"@id\":\"https:\\\/\\\/signetpub.fr\\\/index.php\\\/enseigne-exterieure-publicitaire\\\/#breadcrumb\"},\"inLanguage\":\"fr-FR\",\"potentialAction\":[{\"@type\":\"ReadAction\",\"target\":[\"https:\\\/\\\/signetpub.fr\\\/index.php\\\/enseigne-exterieure-publicitaire\\\/\"]}]},{\"@type\":\"ImageObject\",\"inLanguage\":\"fr-FR\",\"@id\":\"https:\\\/\\\/signetpub.fr\\\/index.php\\\/enseigne-exterieure-publicitaire\\\/#primaryimage\",\"url\":\"https:\\\/\\\/signetpub.fr\\\/wp-content\\\/uploads\\\/2022\\\/05\\\/Rose-et-Beige-Fleurs-Moderne-Artisan-Entreprise-X-Frame-Banniere-1-3-1024x512.png\",\"contentUrl\":\"https:\\\/\\\/signetpub.fr\\\/wp-content\\\/uploads\\\/2022\\\/05\\\/Rose-et-Beige-Fleurs-Moderne-Artisan-Entreprise-X-Frame-Banniere-1-3-1024x512.png\"},{\"@type\":\"BreadcrumbList\",\"@id\":\"https:\\\/\\\/signetpub.fr\\\/index.php\\\/enseigne-exterieure-publicitaire\\\/#breadcrumb\",\"itemListElement\":[{\"@type\":\"ListItem\",\"position\":1,\"name\":\"Accueil\",\"item\":\"https:\\\/\\\/signetpub.fr\\\/\"},{\"@type\":\"ListItem\",\"position\":2,\"name\":\"Nos r\u00e9alisations\"}]},{\"@type\":\"WebSite\",\"@id\":\"https:\\\/\\\/signetpub.fr\\\/#website\",\"url\":\"https:\\\/\\\/signetpub.fr\\\/\",\"name\":\"SIGN &amp; PUB\",\"description\":\"Fabricant et installateur d&#039;enseigne\",\"publisher\":{\"@id\":\"https:\\\/\\\/signetpub.fr\\\/#organization\"},\"potentialAction\":[{\"@type\":\"SearchAction\",\"target\":{\"@type\":\"EntryPoint\",\"urlTemplate\":\"https:\\\/\\\/signetpub.fr\\\/?s={search_term_string}\"},\"query-input\":{\"@type\":\"PropertyValueSpecification\",\"valueRequired\":true,\"valueName\":\"search_term_string\"}}],\"inLanguage\":\"fr-FR\"},{\"@type\":\"Organization\",\"@id\":\"https:\\\/\\\/signetpub.fr\\\/#organization\",\"name\":\"SIGN & PUB\",\"url\":\"https:\\\/\\\/signetpub.fr\\\/\",\"logo\":{\"@type\":\"ImageObject\",\"inLanguage\":\"fr-FR\",\"@id\":\"https:\\\/\\\/signetpub.fr\\\/#\\\/schema\\\/logo\\\/image\\\/\",\"url\":\"http:\\\/\\\/signetpub.fr\\\/wp-content\\\/uploads\\\/2022\\\/05\\\/cropped-signetpub-1.jpg\",\"contentUrl\":\"http:\\\/\\\/signetpub.fr\\\/wp-content\\\/uploads\\\/2022\\\/05\\\/cropped-signetpub-1.jpg\",\"width\":828,\"height\":820,\"caption\":\"SIGN & PUB\"},\"image\":{\"@id\":\"https:\\\/\\\/signetpub.fr\\\/#\\\/schema\\\/logo\\\/image\\\/\"},\"sameAs\":[\"https:\\\/\\\/www.instagram.com\\\/accounts\\\/login\\\/?next=signetpub\",\"https:\\\/\\\/www.linkedin.com\\\/in\\\/ibrahim-abdeloifi-3ba416231\\\/\"]}]}<\/script>\n<!-- \/ Yoast SEO plugin. -->","yoast_head_json":{"title":"Nos r\u00e9alisations - sp\u00e9cialiste de l'enseigne SIGN &amp; PUB","description":"Nous proposons des enseigne sur-mesure et de tr\u00e8s bonne qualit\u00e9 avec des prix abordables pour votre activit\u00e9. Une \u00e9quipe \u00e0 votre \u00e9coute.","robots":{"index":"index","follow":"follow","max-snippet":"max-snippet:-1","max-image-preview":"max-image-preview:large","max-video-preview":"max-video-preview:-1"},"canonical":"https:\/\/signetpub.fr\/index.php\/enseigne-exterieure-publicitaire\/","og_locale":"fr_FR","og_type":"article","og_title":"Nos r\u00e9alisations - sp\u00e9cialiste de l'enseigne SIGN &amp; PUB","og_description":"Nous proposons des enseigne sur-mesure et de tr\u00e8s bonne qualit\u00e9 avec des prix abordables pour votre activit\u00e9. Une \u00e9quipe \u00e0 votre \u00e9coute.","og_url":"https:\/\/signetpub.fr\/index.php\/enseigne-exterieure-publicitaire\/","og_site_name":"SIGN &amp; PUB","article_modified_time":"2023-02-08T11:40:57+00:00","og_image":[{"url":"https:\/\/signetpub.fr\/wp-content\/uploads\/2022\/05\/Rose-et-Beige-Fleurs-Moderne-Artisan-Entreprise-X-Frame-Banniere-1-3-1024x512.png","type":"","width":"","height":""}],"twitter_card":"summary_large_image","twitter_misc":{"Dur\u00e9e de lecture estim\u00e9e":"4 minutes"},"schema":{"@context":"https:\/\/schema.org","@graph":[{"@type":"WebPage","@id":"https:\/\/signetpub.fr\/index.php\/enseigne-exterieure-publicitaire\/","url":"https:\/\/signetpub.fr\/index.php\/enseigne-exterieure-publicitaire\/","name":"Nos r\u00e9alisations - sp\u00e9cialiste de l'enseigne SIGN &amp; PUB","isPartOf":{"@id":"https:\/\/signetpub.fr\/#website"},"primaryImageOfPage":{"@id":"https:\/\/signetpub.fr\/index.php\/enseigne-exterieure-publicitaire\/#primaryimage"},"image":{"@id":"https:\/\/signetpub.fr\/index.php\/enseigne-exterieure-publicitaire\/#primaryimage"},"thumbnailUrl":"https:\/\/signetpub.fr\/wp-content\/uploads\/2022\/05\/Rose-et-Beige-Fleurs-Moderne-Artisan-Entreprise-X-Frame-Banniere-1-3-1024x512.png","datePublished":"2022-05-16T12:38:35+00:00","dateModified":"2023-02-08T11:40:57+00:00","description":"Nous proposons des enseigne sur-mesure et de tr\u00e8s bonne qualit\u00e9 avec des prix abordables pour votre activit\u00e9. Une \u00e9quipe \u00e0 votre \u00e9coute.","breadcrumb":{"@id":"https:\/\/signetpub.fr\/index.php\/enseigne-exterieure-publicitaire\/#breadcrumb"},"inLanguage":"fr-FR","potentialAction":[{"@type":"ReadAction","target":["https:\/\/signetpub.fr\/index.php\/enseigne-exterieure-publicitaire\/"]}]},{"@type":"ImageObject","inLanguage":"fr-FR","@id":"https:\/\/signetpub.fr\/index.php\/enseigne-exterieure-publicitaire\/#primaryimage","url":"https:\/\/signetpub.fr\/wp-content\/uploads\/2022\/05\/Rose-et-Beige-Fleurs-Moderne-Artisan-Entreprise-X-Frame-Banniere-1-3-1024x512.png","contentUrl":"https:\/\/signetpub.fr\/wp-content\/uploads\/2022\/05\/Rose-et-Beige-Fleurs-Moderne-Artisan-Entreprise-X-Frame-Banniere-1-3-1024x512.png"},{"@type":"BreadcrumbList","@id":"https:\/\/signetpub.fr\/index.php\/enseigne-exterieure-publicitaire\/#breadcrumb","itemListElement":[{"@type":"ListItem","position":1,"name":"Accueil","item":"https:\/\/signetpub.fr\/"},{"@type":"ListItem","position":2,"name":"Nos r\u00e9alisations"}]},{"@type":"WebSite","@id":"https:\/\/signetpub.fr\/#website","url":"https:\/\/signetpub.fr\/","name":"SIGN &amp; PUB","description":"Fabricant et installateur d&#039;enseigne","publisher":{"@id":"https:\/\/signetpub.fr\/#organization"},"potentialAction":[{"@type":"SearchAction","target":{"@type":"EntryPoint","urlTemplate":"https:\/\/signetpub.fr\/?s={search_term_string}"},"query-input":{"@type":"PropertyValueSpecification","valueRequired":true,"valueName":"search_term_string"}}],"inLanguage":"fr-FR"},{"@type":"Organization","@id":"https:\/\/signetpub.fr\/#organization","name":"SIGN & PUB","url":"https:\/\/signetpub.fr\/","logo":{"@type":"ImageObject","inLanguage":"fr-FR","@id":"https:\/\/signetpub.fr\/#\/schema\/logo\/image\/","url":"http:\/\/signetpub.fr\/wp-content\/uploads\/2022\/05\/cropped-signetpub-1.jpg","contentUrl":"http:\/\/signetpub.fr\/wp-content\/uploads\/2022\/05\/cropped-signetpub-1.jpg","width":828,"height":820,"caption":"SIGN & PUB"},"image":{"@id":"https:\/\/signetpub.fr\/#\/schema\/logo\/image\/"},"sameAs":["https:\/\/www.instagram.com\/accounts\/login\/?next=signetpub","https:\/\/www.linkedin.com\/in\/ibrahim-abdeloifi-3ba416231\/"]}]}},"_links":{"self":[{"href":"https:\/\/signetpub.fr\/index.php\/wp-json\/wp\/v2\/pages\/140","targetHints":{"allow":["GET"]}}],"collection":[{"href":"https:\/\/signetpub.fr\/index.php\/wp-json\/wp\/v2\/pages"}],"about":[{"href":"https:\/\/signetpub.fr\/index.php\/wp-json\/wp\/v2\/types\/page"}],"author":[{"embeddable":true,"href":"https:\/\/signetpub.fr\/index.php\/wp-json\/wp\/v2\/users\/1"}],"replies":[{"embeddable":true,"href":"https:\/\/signetpub.fr\/index.php\/wp-json\/wp\/v2\/comments?post=140"}],"version-history":[{"count":66,"href":"https:\/\/signetpub.fr\/index.php\/wp-json\/wp\/v2\/pages\/140\/revisions"}],"predecessor-version":[{"id":1057,"href":"https:\/\/signetpub.fr\/index.php\/wp-json\/wp\/v2\/pages\/140\/revisions\/1057"}],"wp:attachment":[{"href":"https:\/\/signetpub.fr\/index.php\/wp-json\/wp\/v2\/media?parent=140"}],"curies":[{"name":"wp","href":"https:\/\/api.w.org\/{rel}","templated":true}]}}