{"id":138,"date":"2022-05-16T14:38:19","date_gmt":"2022-05-16T12:38:19","guid":{"rendered":"http:\/\/signetpub.fr\/?page_id=138"},"modified":"2023-02-08T12:34:48","modified_gmt":"2023-02-08T11:34:48","slug":"enseigne-exterieure-3","status":"publish","type":"page","link":"https:\/\/signetpub.fr\/index.php\/enseigne-exterieure-3\/","title":{"rendered":"Qui sommes nous ?"},"content":{"rendered":"\n<p class=\"has-text-align-center has-text-color\" style=\"color:#f7a000\"><strong>PLUS DE 10 ANS D&rsquo;EXP\u00c9RIENCE<\/strong><\/p>\n\n\n\n<p class=\"has-text-align-center has-text-color\" style=\"color:#ffb700\">_<strong>________________________________<\/strong><\/p>\n\n\n\n<p class=\"has-text-align-center\">Depuis le d\u00e9but de sa cr\u00e9ation, Sign &amp; Pub est votre sp\u00e9cialiste de cr\u00e9ation d&rsquo;enseigne depuis 10 ans. Notre atelier produit des enseignes \u00e0 la demande de ses clients.<\/p>\n\n\n\n<div style=\"height:29px\" aria-hidden=\"true\" class=\"wp-block-spacer\"><\/div>\n\n\n<div class=\"wp-block-image is-style-rounded\">\n<figure class=\"alignright size-full is-resized\"><img loading=\"lazy\" decoding=\"async\" src=\"http:\/\/signetpub.fr\/wp-content\/uploads\/2022\/05\/signetpub.jpg\" alt=\"\" class=\"wp-image-206\" width=\"207\" height=\"205\" srcset=\"https:\/\/signetpub.fr\/wp-content\/uploads\/2022\/05\/signetpub.jpg 828w, https:\/\/signetpub.fr\/wp-content\/uploads\/2022\/05\/signetpub-300x297.jpg 300w, https:\/\/signetpub.fr\/wp-content\/uploads\/2022\/05\/signetpub-150x150.jpg 150w, https:\/\/signetpub.fr\/wp-content\/uploads\/2022\/05\/signetpub-768x761.jpg 768w\" sizes=\"auto, (max-width: 207px) 100vw, 207px\" \/><\/figure>\n<\/div>\n\n\n<p class=\"has-text-align-center has-text-color\" style=\"color:#f7a000\"><strong>UNE \u00c9QUIPE A VOTRE SERCICE<\/strong><\/p>\n\n\n\n<p class=\"has-text-align-center has-text-color\" style=\"color:#ff8b00\"><strong>_________________________________<\/strong><\/p>\n\n\n\n<p class=\"has-text-align-center\">Vous avez \u00e0 votre disposition une \u00e9quipe de professionnel pour r\u00e9aliser vos enseignes et votre publicit\u00e9 (flyers, banderoles, cartes de visite, badge). Faites appel \u00e0 Sign &amp; Pub vous ne serez pas d\u00e9\u00e7u pour la r\u00e9alisation de votre projet !<\/p>\n\n\n\n<div style=\"height:100px\" aria-hidden=\"true\" class=\"wp-block-spacer\"><\/div>\n\n\n<div class=\"wp-block-image is-style-rounded\">\n<figure class=\"alignleft size-full is-resized\"><img loading=\"lazy\" decoding=\"async\" src=\"https:\/\/signetpub.fr\/wp-content\/uploads\/2022\/05\/maquette.jpg\" alt=\"\" class=\"wp-image-219\" width=\"207\" height=\"208\" srcset=\"https:\/\/signetpub.fr\/wp-content\/uploads\/2022\/05\/maquette.jpg 828w, https:\/\/signetpub.fr\/wp-content\/uploads\/2022\/05\/maquette-298x300.jpg 298w, https:\/\/signetpub.fr\/wp-content\/uploads\/2022\/05\/maquette-150x150.jpg 150w, https:\/\/signetpub.fr\/wp-content\/uploads\/2022\/05\/maquette-768x773.jpg 768w\" sizes=\"auto, (max-width: 207px) 100vw, 207px\" \/><\/figure>\n<\/div>\n\n\n<p class=\"has-text-align-right has-text-color\" style=\"color:#f7a000\"><strong>R\u00c9ALISATION DE  MAQUETTE<\/strong><\/p>\n\n\n\n<p class=\"has-text-align-right has-text-color\" style=\"color:#f7a000\"><strong>_________________________________<\/strong><\/p>\n\n\n\n<p class=\"has-text-align-center\">Vous souhaitez avoir un aper\u00e7u de votre projet nous pouvons vous r\u00e9aliser une maquette pour avoir un avant-go\u00fbt de celui-ci et par la suite commencer le projet apr\u00e8s votre validation. Nous nous d\u00e9pla\u00e7ons \u00e9galement pour prendre les mesures de votre enseigne.<\/p>\n\n\n\n<div style=\"height:100px\" aria-hidden=\"true\" class=\"wp-block-spacer\"><\/div>\n\n\n<div class=\"wp-block-image is-style-rounded\">\n<figure class=\"alignright size-large is-resized\"><img loading=\"lazy\" decoding=\"async\" src=\"https:\/\/signetpub.fr\/wp-content\/uploads\/2022\/05\/sos-1024x683.jpeg\" alt=\"\" class=\"wp-image-227\" width=\"256\" height=\"171\" srcset=\"https:\/\/signetpub.fr\/wp-content\/uploads\/2022\/05\/sos-1024x683.jpeg 1024w, https:\/\/signetpub.fr\/wp-content\/uploads\/2022\/05\/sos-300x200.jpeg 300w, https:\/\/signetpub.fr\/wp-content\/uploads\/2022\/05\/sos-768x513.jpeg 768w, https:\/\/signetpub.fr\/wp-content\/uploads\/2022\/05\/sos-1536x1025.jpeg 1536w, https:\/\/signetpub.fr\/wp-content\/uploads\/2022\/05\/sos-2048x1367.jpeg 2048w, https:\/\/signetpub.fr\/wp-content\/uploads\/2022\/05\/sos-360x240.jpeg 360w\" sizes=\"auto, (max-width: 256px) 100vw, 256px\" \/><\/figure>\n<\/div>\n\n\n<p class=\"has-text-align-left has-text-color\" style=\"color:#f7a000\"><strong>LE DOSSIER CERFA<\/strong><\/p>\n\n\n\n<p class=\"has-text-align-left has-text-color\" style=\"color:#f7a000\"><strong>_________________________________<\/strong><\/p>\n\n\n\n<p class=\"has-text-align-center\">Nous nous occupons du dossier CERFA avec les modifications jusqu&rsquo;\u00e0 l&rsquo;acceptation du dossier \u00e0 la mairie.<\/p>\n\n\n\n<div style=\"height:100px\" aria-hidden=\"true\" class=\"wp-block-spacer\"><\/div>\n","protected":false},"excerpt":{"rendered":"<p>PLUS DE 10 ANS D&rsquo;EXP\u00c9RIENCE _________________________________ Depuis le d\u00e9but de sa cr\u00e9ation, Sign &amp; Pub est votre sp\u00e9cialiste de cr\u00e9ation d&rsquo;enseigne depuis 10 ans. Notre atelier produit des enseignes \u00e0 la demande de ses clients. UNE \u00c9QUIPE A VOTRE SERCICE _________________________________ Vous avez \u00e0 votre disposition une \u00e9quipe de professionnel [&hellip;]<\/p>\n","protected":false},"author":1,"featured_media":0,"parent":0,"menu_order":0,"comment_status":"closed","ping_status":"closed","template":"","meta":{"footnotes":""},"class_list":["post-138","page","type-page","status-publish","hentry"],"yoast_head":"<!-- This site is optimized with the Yoast SEO plugin v27.4 - https:\/\/yoast.com\/product\/yoast-seo-wordpress\/ -->\n<title>Enseigne publicitaire : sp\u00e9cialiste de l&#039;enseigne - SIGN &amp; PUB<\/title>\n<meta name=\"description\" content=\"Nous proposons des enseigne sur-mesure et de tr\u00e8s bonne qualit\u00e9 avec des prix abordables. Une \u00e9quipe \u00e0 votre \u00e9coute.\" \/>\n<meta name=\"robots\" content=\"index, follow, max-snippet:-1, max-image-preview:large, max-video-preview:-1\" \/>\n<link rel=\"canonical\" href=\"https:\/\/signetpub.fr\/index.php\/enseigne-exterieure-3\/\" \/>\n<meta property=\"og:locale\" content=\"fr_FR\" \/>\n<meta property=\"og:type\" content=\"article\" \/>\n<meta property=\"og:title\" content=\"Enseigne publicitaire : sp\u00e9cialiste de l&#039;enseigne - SIGN &amp; PUB\" \/>\n<meta property=\"og:description\" content=\"Nous proposons des enseigne sur-mesure et de tr\u00e8s bonne qualit\u00e9 avec des prix abordables. Une \u00e9quipe \u00e0 votre \u00e9coute.\" \/>\n<meta property=\"og:url\" content=\"https:\/\/signetpub.fr\/index.php\/enseigne-exterieure-3\/\" \/>\n<meta property=\"og:site_name\" content=\"SIGN &amp; PUB\" \/>\n<meta property=\"article:modified_time\" content=\"2023-02-08T11:34:48+00:00\" \/>\n<meta property=\"og:image\" content=\"http:\/\/signetpub.fr\/wp-content\/uploads\/2022\/05\/signetpub.jpg\" \/>\n<meta name=\"twitter:card\" content=\"summary_large_image\" \/>\n<meta name=\"twitter:label1\" content=\"Dur\u00e9e de lecture estim\u00e9e\" \/>\n\t<meta name=\"twitter:data1\" content=\"2 minutes\" \/>\n<script type=\"application\/ld+json\" class=\"yoast-schema-graph\">{\"@context\":\"https:\\\/\\\/schema.org\",\"@graph\":[{\"@type\":\"WebPage\",\"@id\":\"https:\\\/\\\/signetpub.fr\\\/index.php\\\/enseigne-exterieure-3\\\/\",\"url\":\"https:\\\/\\\/signetpub.fr\\\/index.php\\\/enseigne-exterieure-3\\\/\",\"name\":\"Enseigne publicitaire : sp\u00e9cialiste de l'enseigne - SIGN &amp; PUB\",\"isPartOf\":{\"@id\":\"https:\\\/\\\/signetpub.fr\\\/#website\"},\"primaryImageOfPage\":{\"@id\":\"https:\\\/\\\/signetpub.fr\\\/index.php\\\/enseigne-exterieure-3\\\/#primaryimage\"},\"image\":{\"@id\":\"https:\\\/\\\/signetpub.fr\\\/index.php\\\/enseigne-exterieure-3\\\/#primaryimage\"},\"thumbnailUrl\":\"http:\\\/\\\/signetpub.fr\\\/wp-content\\\/uploads\\\/2022\\\/05\\\/signetpub.jpg\",\"datePublished\":\"2022-05-16T12:38:19+00:00\",\"dateModified\":\"2023-02-08T11:34:48+00:00\",\"description\":\"Nous proposons des enseigne sur-mesure et de tr\u00e8s bonne qualit\u00e9 avec des prix abordables. Une \u00e9quipe \u00e0 votre \u00e9coute.\",\"breadcrumb\":{\"@id\":\"https:\\\/\\\/signetpub.fr\\\/index.php\\\/enseigne-exterieure-3\\\/#breadcrumb\"},\"inLanguage\":\"fr-FR\",\"potentialAction\":[{\"@type\":\"ReadAction\",\"target\":[\"https:\\\/\\\/signetpub.fr\\\/index.php\\\/enseigne-exterieure-3\\\/\"]}]},{\"@type\":\"ImageObject\",\"inLanguage\":\"fr-FR\",\"@id\":\"https:\\\/\\\/signetpub.fr\\\/index.php\\\/enseigne-exterieure-3\\\/#primaryimage\",\"url\":\"http:\\\/\\\/signetpub.fr\\\/wp-content\\\/uploads\\\/2022\\\/05\\\/signetpub.jpg\",\"contentUrl\":\"http:\\\/\\\/signetpub.fr\\\/wp-content\\\/uploads\\\/2022\\\/05\\\/signetpub.jpg\"},{\"@type\":\"BreadcrumbList\",\"@id\":\"https:\\\/\\\/signetpub.fr\\\/index.php\\\/enseigne-exterieure-3\\\/#breadcrumb\",\"itemListElement\":[{\"@type\":\"ListItem\",\"position\":1,\"name\":\"Accueil\",\"item\":\"https:\\\/\\\/signetpub.fr\\\/\"},{\"@type\":\"ListItem\",\"position\":2,\"name\":\"Qui sommes nous ?\"}]},{\"@type\":\"WebSite\",\"@id\":\"https:\\\/\\\/signetpub.fr\\\/#website\",\"url\":\"https:\\\/\\\/signetpub.fr\\\/\",\"name\":\"SIGN &amp; PUB\",\"description\":\"Fabricant et installateur d&#039;enseigne\",\"publisher\":{\"@id\":\"https:\\\/\\\/signetpub.fr\\\/#organization\"},\"potentialAction\":[{\"@type\":\"SearchAction\",\"target\":{\"@type\":\"EntryPoint\",\"urlTemplate\":\"https:\\\/\\\/signetpub.fr\\\/?s={search_term_string}\"},\"query-input\":{\"@type\":\"PropertyValueSpecification\",\"valueRequired\":true,\"valueName\":\"search_term_string\"}}],\"inLanguage\":\"fr-FR\"},{\"@type\":\"Organization\",\"@id\":\"https:\\\/\\\/signetpub.fr\\\/#organization\",\"name\":\"SIGN & PUB\",\"url\":\"https:\\\/\\\/signetpub.fr\\\/\",\"logo\":{\"@type\":\"ImageObject\",\"inLanguage\":\"fr-FR\",\"@id\":\"https:\\\/\\\/signetpub.fr\\\/#\\\/schema\\\/logo\\\/image\\\/\",\"url\":\"http:\\\/\\\/signetpub.fr\\\/wp-content\\\/uploads\\\/2022\\\/05\\\/cropped-signetpub-1.jpg\",\"contentUrl\":\"http:\\\/\\\/signetpub.fr\\\/wp-content\\\/uploads\\\/2022\\\/05\\\/cropped-signetpub-1.jpg\",\"width\":828,\"height\":820,\"caption\":\"SIGN & PUB\"},\"image\":{\"@id\":\"https:\\\/\\\/signetpub.fr\\\/#\\\/schema\\\/logo\\\/image\\\/\"},\"sameAs\":[\"https:\\\/\\\/www.instagram.com\\\/accounts\\\/login\\\/?next=signetpub\",\"https:\\\/\\\/www.linkedin.com\\\/in\\\/ibrahim-abdeloifi-3ba416231\\\/\"]}]}<\/script>\n<!-- \/ Yoast SEO plugin. -->","yoast_head_json":{"title":"Enseigne publicitaire : sp\u00e9cialiste de l'enseigne - SIGN &amp; PUB","description":"Nous proposons des enseigne sur-mesure et de tr\u00e8s bonne qualit\u00e9 avec des prix abordables. Une \u00e9quipe \u00e0 votre \u00e9coute.","robots":{"index":"index","follow":"follow","max-snippet":"max-snippet:-1","max-image-preview":"max-image-preview:large","max-video-preview":"max-video-preview:-1"},"canonical":"https:\/\/signetpub.fr\/index.php\/enseigne-exterieure-3\/","og_locale":"fr_FR","og_type":"article","og_title":"Enseigne publicitaire : sp\u00e9cialiste de l'enseigne - SIGN &amp; PUB","og_description":"Nous proposons des enseigne sur-mesure et de tr\u00e8s bonne qualit\u00e9 avec des prix abordables. Une \u00e9quipe \u00e0 votre \u00e9coute.","og_url":"https:\/\/signetpub.fr\/index.php\/enseigne-exterieure-3\/","og_site_name":"SIGN &amp; PUB","article_modified_time":"2023-02-08T11:34:48+00:00","og_image":[{"url":"http:\/\/signetpub.fr\/wp-content\/uploads\/2022\/05\/signetpub.jpg","type":"","width":"","height":""}],"twitter_card":"summary_large_image","twitter_misc":{"Dur\u00e9e de lecture estim\u00e9e":"2 minutes"},"schema":{"@context":"https:\/\/schema.org","@graph":[{"@type":"WebPage","@id":"https:\/\/signetpub.fr\/index.php\/enseigne-exterieure-3\/","url":"https:\/\/signetpub.fr\/index.php\/enseigne-exterieure-3\/","name":"Enseigne publicitaire : sp\u00e9cialiste de l'enseigne - SIGN &amp; PUB","isPartOf":{"@id":"https:\/\/signetpub.fr\/#website"},"primaryImageOfPage":{"@id":"https:\/\/signetpub.fr\/index.php\/enseigne-exterieure-3\/#primaryimage"},"image":{"@id":"https:\/\/signetpub.fr\/index.php\/enseigne-exterieure-3\/#primaryimage"},"thumbnailUrl":"http:\/\/signetpub.fr\/wp-content\/uploads\/2022\/05\/signetpub.jpg","datePublished":"2022-05-16T12:38:19+00:00","dateModified":"2023-02-08T11:34:48+00:00","description":"Nous proposons des enseigne sur-mesure et de tr\u00e8s bonne qualit\u00e9 avec des prix abordables. Une \u00e9quipe \u00e0 votre \u00e9coute.","breadcrumb":{"@id":"https:\/\/signetpub.fr\/index.php\/enseigne-exterieure-3\/#breadcrumb"},"inLanguage":"fr-FR","potentialAction":[{"@type":"ReadAction","target":["https:\/\/signetpub.fr\/index.php\/enseigne-exterieure-3\/"]}]},{"@type":"ImageObject","inLanguage":"fr-FR","@id":"https:\/\/signetpub.fr\/index.php\/enseigne-exterieure-3\/#primaryimage","url":"http:\/\/signetpub.fr\/wp-content\/uploads\/2022\/05\/signetpub.jpg","contentUrl":"http:\/\/signetpub.fr\/wp-content\/uploads\/2022\/05\/signetpub.jpg"},{"@type":"BreadcrumbList","@id":"https:\/\/signetpub.fr\/index.php\/enseigne-exterieure-3\/#breadcrumb","itemListElement":[{"@type":"ListItem","position":1,"name":"Accueil","item":"https:\/\/signetpub.fr\/"},{"@type":"ListItem","position":2,"name":"Qui sommes nous ?"}]},{"@type":"WebSite","@id":"https:\/\/signetpub.fr\/#website","url":"https:\/\/signetpub.fr\/","name":"SIGN &amp; PUB","description":"Fabricant et installateur d&#039;enseigne","publisher":{"@id":"https:\/\/signetpub.fr\/#organization"},"potentialAction":[{"@type":"SearchAction","target":{"@type":"EntryPoint","urlTemplate":"https:\/\/signetpub.fr\/?s={search_term_string}"},"query-input":{"@type":"PropertyValueSpecification","valueRequired":true,"valueName":"search_term_string"}}],"inLanguage":"fr-FR"},{"@type":"Organization","@id":"https:\/\/signetpub.fr\/#organization","name":"SIGN & PUB","url":"https:\/\/signetpub.fr\/","logo":{"@type":"ImageObject","inLanguage":"fr-FR","@id":"https:\/\/signetpub.fr\/#\/schema\/logo\/image\/","url":"http:\/\/signetpub.fr\/wp-content\/uploads\/2022\/05\/cropped-signetpub-1.jpg","contentUrl":"http:\/\/signetpub.fr\/wp-content\/uploads\/2022\/05\/cropped-signetpub-1.jpg","width":828,"height":820,"caption":"SIGN & PUB"},"image":{"@id":"https:\/\/signetpub.fr\/#\/schema\/logo\/image\/"},"sameAs":["https:\/\/www.instagram.com\/accounts\/login\/?next=signetpub","https:\/\/www.linkedin.com\/in\/ibrahim-abdeloifi-3ba416231\/"]}]}},"_links":{"self":[{"href":"https:\/\/signetpub.fr\/index.php\/wp-json\/wp\/v2\/pages\/138","targetHints":{"allow":["GET"]}}],"collection":[{"href":"https:\/\/signetpub.fr\/index.php\/wp-json\/wp\/v2\/pages"}],"about":[{"href":"https:\/\/signetpub.fr\/index.php\/wp-json\/wp\/v2\/types\/page"}],"author":[{"embeddable":true,"href":"https:\/\/signetpub.fr\/index.php\/wp-json\/wp\/v2\/users\/1"}],"replies":[{"embeddable":true,"href":"https:\/\/signetpub.fr\/index.php\/wp-json\/wp\/v2\/comments?post=138"}],"version-history":[{"count":26,"href":"https:\/\/signetpub.fr\/index.php\/wp-json\/wp\/v2\/pages\/138\/revisions"}],"predecessor-version":[{"id":1058,"href":"https:\/\/signetpub.fr\/index.php\/wp-json\/wp\/v2\/pages\/138\/revisions\/1058"}],"wp:attachment":[{"href":"https:\/\/signetpub.fr\/index.php\/wp-json\/wp\/v2\/media?parent=138"}],"curies":[{"name":"wp","href":"https:\/\/api.w.org\/{rel}","templated":true}]}}